{"id":61,"date":"2021-02-20T21:16:42","date_gmt":"2021-02-20T21:16:42","guid":{"rendered":"https:\/\/bvlagos.pt\/eps\/?page_id=61"},"modified":"2024-02-19T15:18:29","modified_gmt":"2024-02-19T15:18:29","slug":"pagina-inicial","status":"publish","type":"page","link":"https:\/\/bvlagos.pt\/eps\/","title":{"rendered":"P\u00e1gina Inicial"},"content":{"rendered":"<p>CORPO BOMBEIROS DE LAGOS &#8211; ESCOLA PORTUGUESA DE SALVAMENTO &#8211;  POLO DE FORMA\u00c7\u00c3O<br \/>\n\t\t\t\t\t\t\t\t\t\t\t\t\t\t\t<img width=\"921\" height=\"389\" src=\"https:\/\/bvlagos.pt\/eps\/wp-content\/uploads\/2024\/01\/LOGOS-3-EPS.png\" alt=\"\" decoding=\"async\" loading=\"lazy\" srcset=\"https:\/\/bvlagos.pt\/eps\/wp-content\/uploads\/2024\/01\/LOGOS-3-EPS.png 921w, https:\/\/bvlagos.pt\/eps\/wp-content\/uploads\/2024\/01\/LOGOS-3-EPS-300x127.png 300w, https:\/\/bvlagos.pt\/eps\/wp-content\/uploads\/2024\/01\/LOGOS-3-EPS-768x324.png 768w\" sizes=\"auto, (max-width: 921px) 100vw, 921px\" \/><br \/>\n\t\t\t\t\tEMAIL FORMA\u00c7\u00c3O E.P.S. POLO LAGOS<\/p>\n<p>formacaoeps@bvlagos.pt<\/p>\n<p>\t\t\t\t\ttelefone<\/p>\n<p>282 770 790<\/p>\n<p>\t\t\t\t<a href=\"https:\/\/goo.gl\/maps\/vviM2KopgUaEaZKS9\" target=\"_blank\" rel=\"noopener\"><br \/>\n\t\t\t\t\t\t\t\t<\/a><br \/>\n\t\t\t\t\t<a href=\"https:\/\/goo.gl\/maps\/vviM2KopgUaEaZKS9\" target=\"_blank\" rel=\"noopener\">morada<\/a><\/p>\n<p>Rua Bombeiros Volunt\u00e1rios de Lagos   N\u00ba 112 &#8211; 8600-577 Lagos<\/p>\n<p>POLO FORMA\u00c7\u00c3O EPS &#8211;  ESCOLA PORTUGUESA DE SALVAMENTO <\/p>\n<h2>Corpo Bombeiros Lagos                 <\/h2>\n","protected":false},"excerpt":{"rendered":"<p>CORPO BOMBEIROS DE LAGOS &#8211; ESCOLA PORTUGUESA DE SALVAMENTO &#8211; POLO DE FORMA\u00c7\u00c3O EMAIL FORMA\u00c7\u00c3O E.P.S. POLO LAGOS formacaoeps@bvlagos.pt telefone 282 770 790 morada Rua Bombeiros Volunt\u00e1rios de Lagos N\u00ba 112 &#8211; 8600-577 Lagos POLO FORMA\u00c7\u00c3O EPS &#8211; ESCOLA PORTUGUESA DE SALVAMENTO Corpo Bombeiros Lagos<\/p>\n","protected":false},"author":1,"featured_media":1945,"parent":0,"menu_order":0,"comment_status":"closed","ping_status":"closed","template":"","meta":{"footnotes":""},"class_list":["post-61","page","type-page","status-publish","has-post-thumbnail","hentry"],"_links":{"self":[{"href":"https:\/\/bvlagos.pt\/eps\/wp-json\/wp\/v2\/pages\/61","targetHints":{"allow":["GET"]}}],"collection":[{"href":"https:\/\/bvlagos.pt\/eps\/wp-json\/wp\/v2\/pages"}],"about":[{"href":"https:\/\/bvlagos.pt\/eps\/wp-json\/wp\/v2\/types\/page"}],"author":[{"embeddable":true,"href":"https:\/\/bvlagos.pt\/eps\/wp-json\/wp\/v2\/users\/1"}],"replies":[{"embeddable":true,"href":"https:\/\/bvlagos.pt\/eps\/wp-json\/wp\/v2\/comments?post=61"}],"version-history":[{"count":240,"href":"https:\/\/bvlagos.pt\/eps\/wp-json\/wp\/v2\/pages\/61\/revisions"}],"predecessor-version":[{"id":2012,"href":"https:\/\/bvlagos.pt\/eps\/wp-json\/wp\/v2\/pages\/61\/revisions\/2012"}],"wp:featuredmedia":[{"embeddable":true,"href":"https:\/\/bvlagos.pt\/eps\/wp-json\/wp\/v2\/media\/1945"}],"wp:attachment":[{"href":"https:\/\/bvlagos.pt\/eps\/wp-json\/wp\/v2\/media?parent=61"}],"curies":[{"name":"wp","href":"https:\/\/api.w.org\/{rel}","templated":true}]}}