{"id":358,"date":"2021-02-21T21:58:24","date_gmt":"2021-02-21T21:58:24","guid":{"rendered":"https:\/\/bvlagos.pt\/gse\/?page_id=358"},"modified":"2023-10-12T08:57:40","modified_gmt":"2023-10-12T08:57:40","slug":"mensagem-do-comandante","status":"publish","type":"page","link":"https:\/\/bvlagos.pt\/gse\/mensagem-do-comandante\/","title":{"rendered":"Mensagem do Comandante"},"content":{"rendered":"\t\t<div data-elementor-type=\"wp-page\" data-elementor-id=\"358\" class=\"elementor elementor-358\" data-elementor-settings=\"[]\">\n\t\t\t\t\t\t\t<div class=\"elementor-section-wrap\">\n\t\t\t\t\t\t\t<section class=\"elementor-section elementor-top-section elementor-element elementor-element-6a90fdf elementor-section-boxed elementor-section-height-default elementor-section-height-default tf-sticky-section tf-sticky-no\" data-id=\"6a90fdf\" data-element_type=\"section\" data-settings=\"{&quot;background_background&quot;:&quot;classic&quot;,&quot;tf_sticky&quot;:&quot;no&quot;}\">\n\t\t\t\t\t\t<div class=\"elementor-container elementor-column-gap-default\">\n\t\t\t\t\t<div class=\"elementor-column elementor-col-100 elementor-top-column elementor-element elementor-element-257149b\" data-id=\"257149b\" data-element_type=\"column\">\n\t\t\t<div class=\"elementor-widget-wrap elementor-element-populated\">\n\t\t\t\t\t\t\t\t<div class=\"elementor-element elementor-element-48557ba elementor-nav-menu__align-center elementor-nav-menu--indicator-none elementor-nav-menu--dropdown-none elementor-widget elementor-widget-global elementor-global-863 elementor-widget-nav-menu\" data-id=\"48557ba\" data-element_type=\"widget\" data-settings=\"{&quot;layout&quot;:&quot;horizontal&quot;}\" data-widget_type=\"nav-menu.default\">\n\t\t\t\t<div class=\"elementor-widget-container\">\n\t\t\t\t\t\t<nav role=\"navigation\" class=\"elementor-nav-menu--main elementor-nav-menu__container elementor-nav-menu--layout-horizontal e--pointer-none\"><ul id=\"menu-1-48557ba\" class=\"elementor-nav-menu\"><li class=\"menu-item menu-item-type-post_type menu-item-object-page menu-item-home menu-item-177\"><a href=\"https:\/\/bvlagos.pt\/gse\/\" class=\"elementor-item menu-link\">P\u00e1gina Inicial<\/a><\/li>\n<li class=\"menu-item menu-item-type-post_type menu-item-object-page menu-item-has-children menu-item-353\"><a href=\"https:\/\/bvlagos.pt\/gse\/associacao\/\" class=\"elementor-item menu-link\">Associa\u00e7\u00e3o<\/a>\n<ul class=\"sub-menu elementor-nav-menu--dropdown\">\n\t<li class=\"menu-item menu-item-type-post_type menu-item-object-page menu-item-1701\"><a href=\"https:\/\/bvlagos.pt\/gse\/assembleiageral\/\" class=\"elementor-sub-item menu-link\">Assembleia Geral<\/a><\/li>\n\t<li class=\"menu-item menu-item-type-post_type menu-item-object-page menu-item-935\"><a href=\"https:\/\/bvlagos.pt\/gse\/a-nossa-historia\/\" class=\"elementor-sub-item menu-link\">A Nossa Hist\u00f3ria<\/a><\/li>\n\t<li class=\"menu-item menu-item-type-post_type menu-item-object-page menu-item-936\"><a href=\"https:\/\/bvlagos.pt\/gse\/mensagem-do-presidente-da-ahbvl\/\" class=\"elementor-sub-item menu-link\">Mensagem do Presidente da AHBVL<\/a><\/li>\n\t<li class=\"menu-item menu-item-type-post_type menu-item-object-page menu-item-942\"><a href=\"https:\/\/bvlagos.pt\/gse\/orgaos-sociais\/\" class=\"elementor-sub-item menu-link\">Org\u00e3os Sociais<\/a><\/li>\n\t<li class=\"menu-item menu-item-type-post_type menu-item-object-page menu-item-937\"><a href=\"https:\/\/bvlagos.pt\/gse\/socios\/\" class=\"elementor-sub-item menu-link\">S\u00f3cios<\/a><\/li>\n\t<li class=\"menu-item menu-item-type-post_type menu-item-object-page menu-item-938\"><a href=\"https:\/\/bvlagos.pt\/gse\/protocolos\/\" class=\"elementor-sub-item menu-link\">Protocolos<\/a><\/li>\n\t<li class=\"menu-item menu-item-type-post_type menu-item-object-page menu-item-939\"><a href=\"https:\/\/bvlagos.pt\/gse\/estatutos\/\" class=\"elementor-sub-item menu-link\">Estatutos<\/a><\/li>\n<\/ul>\n<\/li>\n<li class=\"menu-item menu-item-type-post_type menu-item-object-page menu-item-437\"><a href=\"https:\/\/bvlagos.pt\/gse\/seccao-extintores\/\" class=\"elementor-item menu-link\">Departamento Extintores<\/a><\/li>\n<li class=\"menu-item menu-item-type-post_type menu-item-object-page menu-item-has-children menu-item-416\"><a href=\"https:\/\/bvlagos.pt\/gse\/corpo-bombeiros\/\" class=\"elementor-item menu-link\">Corpo Bombeiros<\/a>\n<ul class=\"sub-menu elementor-nav-menu--dropdown\">\n\t<li class=\"menu-item menu-item-type-post_type menu-item-object-page menu-item-417\"><a href=\"https:\/\/bvlagos.pt\/gse\/mensagem-do-comandante\/\" class=\"elementor-sub-item menu-link\">Mensagem do Comandante<\/a><\/li>\n\t<li class=\"menu-item menu-item-type-custom menu-item-object-custom menu-item-home menu-item-2775\"><a href=\"https:\/\/bvlagos.pt\/gse\/\" class=\"elementor-sub-item menu-link\">GSE Grupo Salvamentos Especiais<\/a><\/li>\n\t<li class=\"menu-item menu-item-type-post_type menu-item-object-page menu-item-1924\"><a href=\"https:\/\/bvlagos.pt\/gse\/cursoinicialbombeiro\/\" class=\"elementor-sub-item menu-link\">Curso Inicial Bombeiro<\/a><\/li>\n\t<li class=\"menu-item menu-item-type-post_type menu-item-object-page menu-item-1368\"><a href=\"https:\/\/bvlagos.pt\/gse\/area-privada\/\" class=\"elementor-sub-item menu-link\">Area Privada<\/a><\/li>\n\t<li class=\"menu-item menu-item-type-post_type menu-item-object-page menu-item-2045\"><a href=\"https:\/\/bvlagos.pt\/gse\/area-privada\/folhas-de-registo\/\" class=\"elementor-sub-item menu-link\">FOLHAS DE REGISTO<\/a><\/li>\n\t<li class=\"menu-item menu-item-type-post_type menu-item-object-page menu-item-969\"><a href=\"https:\/\/bvlagos.pt\/gse\/veiculos-operacionais\/\" class=\"elementor-sub-item menu-link\">Ve\u00edculos Operacionais<\/a><\/li>\n\t<li class=\"menu-item menu-item-type-post_type menu-item-object-page menu-item-971\"><a href=\"https:\/\/bvlagos.pt\/gse\/instalacoes\/\" class=\"elementor-sub-item menu-link\">Instala\u00e7\u00f5es<\/a><\/li>\n<\/ul>\n<\/li>\n<li class=\"menu-item menu-item-type-post_type menu-item-object-page menu-item-has-children menu-item-2563\"><a href=\"https:\/\/bvlagos.pt\/gse\/formacao-externa\/formacao\/\" class=\"elementor-item menu-link\">Forma\u00e7\u00e3o<\/a>\n<ul class=\"sub-menu elementor-nav-menu--dropdown\">\n\t<li class=\"menu-item menu-item-type-post_type menu-item-object-page menu-item-176\"><a href=\"https:\/\/bvlagos.pt\/gse\/formacao-externa\/\" class=\"elementor-sub-item menu-link\">Forma\u00e7\u00e3o Empresas<\/a><\/li>\n\t<li class=\"menu-item menu-item-type-custom menu-item-object-custom menu-item-2682\"><a href=\"https:\/\/bvlagos.pt\/eps\/lagos\/\" class=\"elementor-sub-item menu-link\">Forma\u00e7\u00e3o Escola Portuguesa Salvamento<\/a><\/li>\n<\/ul>\n<\/li>\n<li class=\"menu-item menu-item-type-post_type menu-item-object-page menu-item-has-children menu-item-922\"><a href=\"https:\/\/bvlagos.pt\/gse\/servicos-prestados-pelo-cb\/\" class=\"elementor-item menu-link\">Servi\u00e7os Prestados pelo CB<\/a>\n<ul class=\"sub-menu elementor-nav-menu--dropdown\">\n\t<li class=\"menu-item menu-item-type-post_type menu-item-object-page menu-item-984\"><a href=\"https:\/\/bvlagos.pt\/gse\/assistencia-medica-a-eventos\/\" class=\"elementor-sub-item menu-link\">Assist\u00eancia T\u00e9cnica a Eventos<\/a><\/li>\n\t<li class=\"menu-item menu-item-type-post_type menu-item-object-page menu-item-983\"><a href=\"https:\/\/bvlagos.pt\/gse\/prevencao-de-incendios-a-eventos\/\" class=\"elementor-sub-item menu-link\">Preven\u00e7\u00e3o de Inc\u00eandios e Eventos<\/a><\/li>\n\t<li class=\"menu-item menu-item-type-post_type menu-item-object-page menu-item-982\"><a href=\"https:\/\/bvlagos.pt\/gse\/organizacao-e-avaliacao-de-simulacros\/\" class=\"elementor-sub-item menu-link\">Organiza\u00e7\u00e3o e Avalia\u00e7\u00e3o de Simulacros<\/a><\/li>\n\t<li class=\"menu-item menu-item-type-post_type menu-item-object-page menu-item-981\"><a href=\"https:\/\/bvlagos.pt\/gse\/transporte-de-agua\/\" class=\"elementor-sub-item menu-link\">Transporte de \u00c1gua<\/a><\/li>\n<\/ul>\n<\/li>\n<li class=\"menu-item menu-item-type-post_type menu-item-object-page menu-item-2677\"><a href=\"https:\/\/bvlagos.pt\/gse\/merchandising\/\" class=\"elementor-item menu-link\">MERCHANDISING<\/a><\/li>\n<li class=\"menu-item menu-item-type-post_type menu-item-object-page menu-item-923\"><a href=\"https:\/\/bvlagos.pt\/gse\/contatos\/\" class=\"elementor-item menu-link\">Contatos<\/a><\/li>\n<\/ul><\/nav>\n\t\t\t\t\t<div class=\"elementor-menu-toggle\" role=\"button\" tabindex=\"0\" aria-label=\"Menu Toggle\" aria-expanded=\"false\">\n\t\t\t<i class=\"eicon-menu-bar\" aria-hidden=\"true\"><\/i>\n\t\t\t<span class=\"elementor-screen-only\">Menu<\/span>\n\t\t<\/div>\n\t\t\t<nav class=\"elementor-nav-menu--dropdown elementor-nav-menu__container\" role=\"navigation\" aria-hidden=\"true\"><ul id=\"menu-2-48557ba\" class=\"elementor-nav-menu\"><li class=\"menu-item menu-item-type-post_type menu-item-object-page menu-item-home menu-item-177\"><a href=\"https:\/\/bvlagos.pt\/gse\/\" class=\"elementor-item menu-link\">P\u00e1gina Inicial<\/a><\/li>\n<li class=\"menu-item menu-item-type-post_type menu-item-object-page menu-item-has-children menu-item-353\"><a href=\"https:\/\/bvlagos.pt\/gse\/associacao\/\" class=\"elementor-item menu-link\">Associa\u00e7\u00e3o<\/a>\n<ul class=\"sub-menu elementor-nav-menu--dropdown\">\n\t<li class=\"menu-item menu-item-type-post_type menu-item-object-page menu-item-1701\"><a href=\"https:\/\/bvlagos.pt\/gse\/assembleiageral\/\" class=\"elementor-sub-item menu-link\">Assembleia Geral<\/a><\/li>\n\t<li class=\"menu-item menu-item-type-post_type menu-item-object-page menu-item-935\"><a href=\"https:\/\/bvlagos.pt\/gse\/a-nossa-historia\/\" class=\"elementor-sub-item menu-link\">A Nossa Hist\u00f3ria<\/a><\/li>\n\t<li class=\"menu-item menu-item-type-post_type menu-item-object-page menu-item-936\"><a href=\"https:\/\/bvlagos.pt\/gse\/mensagem-do-presidente-da-ahbvl\/\" class=\"elementor-sub-item menu-link\">Mensagem do Presidente da AHBVL<\/a><\/li>\n\t<li class=\"menu-item menu-item-type-post_type menu-item-object-page menu-item-942\"><a href=\"https:\/\/bvlagos.pt\/gse\/orgaos-sociais\/\" class=\"elementor-sub-item menu-link\">Org\u00e3os Sociais<\/a><\/li>\n\t<li class=\"menu-item menu-item-type-post_type menu-item-object-page menu-item-937\"><a href=\"https:\/\/bvlagos.pt\/gse\/socios\/\" class=\"elementor-sub-item menu-link\">S\u00f3cios<\/a><\/li>\n\t<li class=\"menu-item menu-item-type-post_type menu-item-object-page menu-item-938\"><a href=\"https:\/\/bvlagos.pt\/gse\/protocolos\/\" class=\"elementor-sub-item menu-link\">Protocolos<\/a><\/li>\n\t<li class=\"menu-item menu-item-type-post_type menu-item-object-page menu-item-939\"><a href=\"https:\/\/bvlagos.pt\/gse\/estatutos\/\" class=\"elementor-sub-item menu-link\">Estatutos<\/a><\/li>\n<\/ul>\n<\/li>\n<li class=\"menu-item menu-item-type-post_type menu-item-object-page menu-item-437\"><a href=\"https:\/\/bvlagos.pt\/gse\/seccao-extintores\/\" class=\"elementor-item menu-link\">Departamento Extintores<\/a><\/li>\n<li class=\"menu-item menu-item-type-post_type menu-item-object-page menu-item-has-children menu-item-416\"><a href=\"https:\/\/bvlagos.pt\/gse\/corpo-bombeiros\/\" class=\"elementor-item menu-link\">Corpo Bombeiros<\/a>\n<ul class=\"sub-menu elementor-nav-menu--dropdown\">\n\t<li class=\"menu-item menu-item-type-post_type menu-item-object-page menu-item-417\"><a href=\"https:\/\/bvlagos.pt\/gse\/mensagem-do-comandante\/\" class=\"elementor-sub-item menu-link\">Mensagem do Comandante<\/a><\/li>\n\t<li class=\"menu-item menu-item-type-custom menu-item-object-custom menu-item-home menu-item-2775\"><a href=\"https:\/\/bvlagos.pt\/gse\/\" class=\"elementor-sub-item menu-link\">GSE Grupo Salvamentos Especiais<\/a><\/li>\n\t<li class=\"menu-item menu-item-type-post_type menu-item-object-page menu-item-1924\"><a href=\"https:\/\/bvlagos.pt\/gse\/cursoinicialbombeiro\/\" class=\"elementor-sub-item menu-link\">Curso Inicial Bombeiro<\/a><\/li>\n\t<li class=\"menu-item menu-item-type-post_type menu-item-object-page menu-item-1368\"><a href=\"https:\/\/bvlagos.pt\/gse\/area-privada\/\" class=\"elementor-sub-item menu-link\">Area Privada<\/a><\/li>\n\t<li class=\"menu-item menu-item-type-post_type menu-item-object-page menu-item-2045\"><a href=\"https:\/\/bvlagos.pt\/gse\/area-privada\/folhas-de-registo\/\" class=\"elementor-sub-item menu-link\">FOLHAS DE REGISTO<\/a><\/li>\n\t<li class=\"menu-item menu-item-type-post_type menu-item-object-page menu-item-969\"><a href=\"https:\/\/bvlagos.pt\/gse\/veiculos-operacionais\/\" class=\"elementor-sub-item menu-link\">Ve\u00edculos Operacionais<\/a><\/li>\n\t<li class=\"menu-item menu-item-type-post_type menu-item-object-page menu-item-971\"><a href=\"https:\/\/bvlagos.pt\/gse\/instalacoes\/\" class=\"elementor-sub-item menu-link\">Instala\u00e7\u00f5es<\/a><\/li>\n<\/ul>\n<\/li>\n<li class=\"menu-item menu-item-type-post_type menu-item-object-page menu-item-has-children menu-item-2563\"><a href=\"https:\/\/bvlagos.pt\/gse\/formacao-externa\/formacao\/\" class=\"elementor-item menu-link\">Forma\u00e7\u00e3o<\/a>\n<ul class=\"sub-menu elementor-nav-menu--dropdown\">\n\t<li class=\"menu-item menu-item-type-post_type menu-item-object-page menu-item-176\"><a href=\"https:\/\/bvlagos.pt\/gse\/formacao-externa\/\" class=\"elementor-sub-item menu-link\">Forma\u00e7\u00e3o Empresas<\/a><\/li>\n\t<li class=\"menu-item menu-item-type-custom menu-item-object-custom menu-item-2682\"><a href=\"https:\/\/bvlagos.pt\/eps\/lagos\/\" class=\"elementor-sub-item menu-link\">Forma\u00e7\u00e3o Escola Portuguesa Salvamento<\/a><\/li>\n<\/ul>\n<\/li>\n<li class=\"menu-item menu-item-type-post_type menu-item-object-page menu-item-has-children menu-item-922\"><a href=\"https:\/\/bvlagos.pt\/gse\/servicos-prestados-pelo-cb\/\" class=\"elementor-item menu-link\">Servi\u00e7os Prestados pelo CB<\/a>\n<ul class=\"sub-menu elementor-nav-menu--dropdown\">\n\t<li class=\"menu-item menu-item-type-post_type menu-item-object-page menu-item-984\"><a href=\"https:\/\/bvlagos.pt\/gse\/assistencia-medica-a-eventos\/\" class=\"elementor-sub-item menu-link\">Assist\u00eancia T\u00e9cnica a Eventos<\/a><\/li>\n\t<li class=\"menu-item menu-item-type-post_type menu-item-object-page menu-item-983\"><a href=\"https:\/\/bvlagos.pt\/gse\/prevencao-de-incendios-a-eventos\/\" class=\"elementor-sub-item menu-link\">Preven\u00e7\u00e3o de Inc\u00eandios e Eventos<\/a><\/li>\n\t<li class=\"menu-item menu-item-type-post_type menu-item-object-page menu-item-982\"><a href=\"https:\/\/bvlagos.pt\/gse\/organizacao-e-avaliacao-de-simulacros\/\" class=\"elementor-sub-item menu-link\">Organiza\u00e7\u00e3o e Avalia\u00e7\u00e3o de Simulacros<\/a><\/li>\n\t<li class=\"menu-item menu-item-type-post_type menu-item-object-page menu-item-981\"><a href=\"https:\/\/bvlagos.pt\/gse\/transporte-de-agua\/\" class=\"elementor-sub-item menu-link\">Transporte de \u00c1gua<\/a><\/li>\n<\/ul>\n<\/li>\n<li class=\"menu-item menu-item-type-post_type menu-item-object-page menu-item-2677\"><a href=\"https:\/\/bvlagos.pt\/gse\/merchandising\/\" class=\"elementor-item menu-link\">MERCHANDISING<\/a><\/li>\n<li class=\"menu-item menu-item-type-post_type menu-item-object-page menu-item-923\"><a href=\"https:\/\/bvlagos.pt\/gse\/contatos\/\" class=\"elementor-item menu-link\">Contatos<\/a><\/li>\n<\/ul><\/nav>\n\t\t\t\t<\/div>\n\t\t\t\t<\/div>\n\t\t\t\t\t<\/div>\n\t\t<\/div>\n\t\t\t\t\t\t\t<\/div>\n\t\t<\/section>\n\t\t\t\t<section class=\"elementor-section elementor-top-section elementor-element elementor-element-57a456f9 elementor-section-stretched elementor-section-content-middle elementor-section-boxed elementor-section-height-default elementor-section-height-default tf-sticky-section tf-sticky-no\" data-id=\"57a456f9\" data-element_type=\"section\" data-settings=\"{&quot;stretch_section&quot;:&quot;section-stretched&quot;,&quot;background_background&quot;:&quot;slideshow&quot;,&quot;tf_sticky&quot;:&quot;no&quot;,&quot;background_slideshow_gallery&quot;:[],&quot;background_slideshow_loop&quot;:&quot;yes&quot;,&quot;background_slideshow_slide_duration&quot;:5000,&quot;background_slideshow_slide_transition&quot;:&quot;fade&quot;,&quot;background_slideshow_transition_duration&quot;:500}\">\n\t\t\t\t\t\t\t<div class=\"elementor-background-overlay\"><\/div>\n\t\t\t\t\t\t\t<div class=\"elementor-container elementor-column-gap-default\">\n\t\t\t\t\t<div class=\"elementor-column elementor-col-100 elementor-top-column elementor-element elementor-element-4ce9ca81\" data-id=\"4ce9ca81\" data-element_type=\"column\">\n\t\t\t<div class=\"elementor-widget-wrap elementor-element-populated\">\n\t\t\t\t\t\t\t\t<section class=\"elementor-section elementor-inner-section elementor-element elementor-element-32e387a3 elementor-section-content-middle elementor-section-boxed elementor-section-height-default elementor-section-height-default tf-sticky-section tf-sticky-no\" data-id=\"32e387a3\" data-element_type=\"section\" data-settings=\"{&quot;tf_sticky&quot;:&quot;no&quot;}\">\n\t\t\t\t\t\t<div class=\"elementor-container elementor-column-gap-default\">\n\t\t\t\t\t<div class=\"elementor-column elementor-col-50 elementor-inner-column elementor-element elementor-element-17dc2059\" data-id=\"17dc2059\" data-element_type=\"column\">\n\t\t\t<div class=\"elementor-widget-wrap elementor-element-populated\">\n\t\t\t\t\t\t\t\t<div class=\"elementor-element elementor-element-5a98f511 elementor-widget elementor-widget-image\" data-id=\"5a98f511\" data-element_type=\"widget\" data-widget_type=\"image.default\">\n\t\t\t\t<div class=\"elementor-widget-container\">\n\t\t\t\t\t\t\t\t\t\t\t\t\t\t\t<img loading=\"lazy\" decoding=\"async\" width=\"200\" height=\"200\" src=\"https:\/\/bvlagos.pt\/gse\/wp-content\/uploads\/2023\/10\/cmdt.jpg\" class=\"attachment-medium size-medium\" alt=\"\" srcset=\"https:\/\/bvlagos.pt\/gse\/wp-content\/uploads\/2023\/10\/cmdt.jpg 200w, https:\/\/bvlagos.pt\/gse\/wp-content\/uploads\/2023\/10\/cmdt-150x150.jpg 150w\" sizes=\"auto, (max-width: 200px) 100vw, 200px\" \/>\t\t\t\t\t\t\t\t\t\t\t\t\t\t\t<\/div>\n\t\t\t\t<\/div>\n\t\t\t\t<div class=\"elementor-element elementor-element-6af5c042 elementor-widget elementor-widget-heading\" data-id=\"6af5c042\" data-element_type=\"widget\" data-widget_type=\"heading.default\">\n\t\t\t\t<div class=\"elementor-widget-container\">\n\t\t\t<h3 class=\"elementor-heading-title elementor-size-default\">M\u00e1rcio Regino <\/h3>\t\t<\/div>\n\t\t\t\t<\/div>\n\t\t\t\t<div class=\"elementor-element elementor-element-3f81fa27 elementor-widget elementor-widget-heading\" data-id=\"3f81fa27\" data-element_type=\"widget\" data-widget_type=\"heading.default\">\n\t\t\t\t<div class=\"elementor-widget-container\">\n\t\t\t<h2 class=\"elementor-heading-title elementor-size-default\">comandante<\/h2>\t\t<\/div>\n\t\t\t\t<\/div>\n\t\t\t\t<div class=\"elementor-element elementor-element-691b95ed elementor-shape-rounded elementor-grid-0 e-grid-align-center elementor-widget elementor-widget-social-icons\" data-id=\"691b95ed\" data-element_type=\"widget\" data-widget_type=\"social-icons.default\">\n\t\t\t\t<div class=\"elementor-widget-container\">\n\t\t\t\t\t<div class=\"elementor-social-icons-wrapper elementor-grid\">\n\t\t\t\t\t\t\t<div class=\"elementor-grid-item\">\n\t\t\t\t\t<a class=\"elementor-icon elementor-social-icon elementor-social-icon-facebook-f elementor-repeater-item-bfc4263\" href=\"https:\/\/www.facebook.com\/bombeiroslagos\" target=\"_blank\">\n\t\t\t\t\t\t<span class=\"elementor-screen-only\">Facebook-f<\/span>\n\t\t\t\t\t\t<i class=\"fab fa-facebook-f\"><\/i>\t\t\t\t\t<\/a>\n\t\t\t\t<\/div>\n\t\t\t\t\t\t\t<div class=\"elementor-grid-item\">\n\t\t\t\t\t<a class=\"elementor-icon elementor-social-icon elementor-social-icon-instagram elementor-repeater-item-3a846d3\" href=\"http:\/\/www.instagram.com\/bvlagos\" target=\"_blank\">\n\t\t\t\t\t\t<span class=\"elementor-screen-only\">Instagram<\/span>\n\t\t\t\t\t\t<i class=\"fab fa-instagram\"><\/i>\t\t\t\t\t<\/a>\n\t\t\t\t<\/div>\n\t\t\t\t\t<\/div>\n\t\t\t\t<\/div>\n\t\t\t\t<\/div>\n\t\t\t\t<div class=\"elementor-element elementor-element-23a292d8 elementor-align-center elementor-invisible elementor-widget elementor-widget-button\" data-id=\"23a292d8\" data-element_type=\"widget\" data-settings=\"{&quot;_animation&quot;:&quot;bounceInUp&quot;}\" data-widget_type=\"button.default\">\n\t\t\t\t<div class=\"elementor-widget-container\">\n\t\t\t\t\t<div class=\"elementor-button-wrapper\">\n\t\t\t<a href=\"#\" class=\"elementor-button-link elementor-button elementor-size-sm\" role=\"button\">\n\t\t\t\t\t\t<span class=\"elementor-button-content-wrapper\">\n\t\t\t\t\t\t<span class=\"elementor-button-text\">Corpo Bombeiros Lagos<\/span>\n\t\t<\/span>\n\t\t\t\t\t<\/a>\n\t\t<\/div>\n\t\t\t\t<\/div>\n\t\t\t\t<\/div>\n\t\t\t\t\t<\/div>\n\t\t<\/div>\n\t\t\t\t<div class=\"elementor-column elementor-col-50 elementor-inner-column elementor-element elementor-element-4e4a4a06\" data-id=\"4e4a4a06\" data-element_type=\"column\">\n\t\t\t<div class=\"elementor-widget-wrap elementor-element-populated\">\n\t\t\t\t\t\t\t\t<div class=\"elementor-element elementor-element-4cc22f8d elementor-widget elementor-widget-text-editor\" data-id=\"4cc22f8d\" data-element_type=\"widget\" data-widget_type=\"text-editor.default\">\n\t\t\t\t<div class=\"elementor-widget-container\">\n\t\t\t\t\t\t\t\t<p style=\"margin-bottom: 10px; color: #777777; font-family: 'Open Sans', Helvetica, Arial, Verdana, sans-serif; font-size: 14px; font-style: normal; font-weight: 400; text-align: justify;\">Caro visitante, em nome do Corpo de Bombeiros Lagos cabe-me dar-lhe as boas vindas a este s\u00edtio da internet, onde pretendemos mostrar-lhe um pouco de quem somos e o que fazemos.<\/p><p style=\"margin-bottom: 10px; color: #777777; font-family: 'Open Sans', Helvetica, Arial, Verdana, sans-serif; font-size: 14px; font-style: normal; font-weight: 400; text-align: justify;\">\u00c9 com enorme prazer, entusiasmo e orgulho que sou respons\u00e1vel pela atividade dos homens e mulheres que asseguram diariamente o socorro \u00e0 popula\u00e7\u00e3o de Lagos e n\u00e3o s\u00f3 .<\/p><p style=\"margin-bottom: 10px; color: #777777; font-family: 'Open Sans', Helvetica, Arial, Verdana, sans-serif; font-size: 14px; font-style: normal; font-weight: 400; text-align: justify;\">Cientes que, quando existem vidas em risco a forma\u00e7\u00e3o e o treino fazem a diferen\u00e7a, estamos hoje mais preparados do que nunca e empenhamo-nos para que, quando precisar de n\u00f3s, a resposta seja a adequada.<\/p><p style=\"margin-bottom: 10px; color: #777777; font-family: 'Open Sans', Helvetica, Arial, Verdana, sans-serif; font-size: 14px; font-style: normal; font-weight: 400; text-align: justify;\">Orgulho-me de ser Comandante deste Corpo de Bombeiros que re\u00fane hoje profissionais e volunt\u00e1rios altamente empenhados em fazer a diferen\u00e7a!<\/p><p style=\"margin-bottom: 10px; color: #777777; font-family: 'Open Sans', Helvetica, Arial, Verdana, sans-serif; font-size: 14px; font-style: normal; font-weight: 400; text-align: justify;\">Pautamos a nossa atividade pelos elevados n\u00edveis de rigor, disciplina, forma\u00e7\u00e3o e treino, respondendo sempre energicamente \u00e0s miss\u00f5es que somos chamados a cumprir.<\/p><p style=\"margin-bottom: 10px; color: #777777; font-family: 'Open Sans', Helvetica, Arial, Verdana, sans-serif; font-size: 14px; font-style: normal; font-weight: 400; text-align: justify;\">Assim, e porque procuramos explorar continuamente os recursos que hoje dispomos, colocamos \u00e0 sua disposi\u00e7\u00e3o informa\u00e7\u00f5es que consideramos pertinentes, \u201cabrindo portas\u201d para que nos possa conhecer um pouco melhor.<\/p><p style=\"margin-bottom: 10px; color: #777777; font-family: 'Open Sans', Helvetica, Arial, Verdana, sans-serif; font-size: 14px; font-style: normal; font-weight: 400; text-align: justify;\">O nosso lema \u00e9 \u201cJuntos somos mais fortes&#8221; e procuramos todos os dias fazer melhor que no dia anterior.<\/p>\t\t\t\t\t\t<\/div>\n\t\t\t\t<\/div>\n\t\t\t\t\t<\/div>\n\t\t<\/div>\n\t\t\t\t\t\t\t<\/div>\n\t\t<\/section>\n\t\t\t\t\t<\/div>\n\t\t<\/div>\n\t\t\t\t\t\t\t<\/div>\n\t\t<\/section>\n\t\t\t\t\t\t<\/div>\n\t\t\t\t\t<\/div>\n\t\t","protected":false},"excerpt":{"rendered":"<p>M\u00e1rcio Regino comandante Facebook-f Instagram Corpo Bombeiros Lagos Caro visitante, em nome do Corpo de Bombeiros Lagos cabe-me dar-lhe as boas vindas a este s\u00edtio da internet, onde pretendemos mostrar-lhe um pouco de quem somos e o que fazemos. \u00c9 com enorme prazer, entusiasmo e orgulho que sou respons\u00e1vel pela atividade dos homens e mulheres &hellip;<\/p>\n<p class=\"read-more\"> <a class=\"\" href=\"https:\/\/bvlagos.pt\/gse\/mensagem-do-comandante\/\"> <span class=\"screen-reader-text\">Mensagem do Comandante<\/span> Read More &raquo;<\/a><\/p>\n","protected":false},"author":1,"featured_media":0,"parent":0,"menu_order":0,"comment_status":"closed","ping_status":"closed","template":"","meta":{"footnotes":""},"class_list":["post-358","page","type-page","status-publish","hentry"],"_links":{"self":[{"href":"https:\/\/bvlagos.pt\/gse\/wp-json\/wp\/v2\/pages\/358","targetHints":{"allow":["GET"]}}],"collection":[{"href":"https:\/\/bvlagos.pt\/gse\/wp-json\/wp\/v2\/pages"}],"about":[{"href":"https:\/\/bvlagos.pt\/gse\/wp-json\/wp\/v2\/types\/page"}],"author":[{"embeddable":true,"href":"https:\/\/bvlagos.pt\/gse\/wp-json\/wp\/v2\/users\/1"}],"replies":[{"embeddable":true,"href":"https:\/\/bvlagos.pt\/gse\/wp-json\/wp\/v2\/comments?post=358"}],"version-history":[{"count":32,"href":"https:\/\/bvlagos.pt\/gse\/wp-json\/wp\/v2\/pages\/358\/revisions"}],"predecessor-version":[{"id":2176,"href":"https:\/\/bvlagos.pt\/gse\/wp-json\/wp\/v2\/pages\/358\/revisions\/2176"}],"wp:attachment":[{"href":"https:\/\/bvlagos.pt\/gse\/wp-json\/wp\/v2\/media?parent=358"}],"curies":[{"name":"wp","href":"https:\/\/api.w.org\/{rel}","templated":true}]}}