{"id":374,"date":"2021-02-21T22:27:54","date_gmt":"2021-02-21T22:27:54","guid":{"rendered":"https:\/\/bvlagos.pt\/gse\/?page_id=374"},"modified":"2021-04-16T20:37:18","modified_gmt":"2021-04-16T20:37:18","slug":"corpo-bombeiros","status":"publish","type":"page","link":"https:\/\/bvlagos.pt\/gse\/corpo-bombeiros\/","title":{"rendered":"Corpo Bombeiros"},"content":{"rendered":"\t\t<div data-elementor-type=\"wp-page\" data-elementor-id=\"374\" class=\"elementor elementor-374\" data-elementor-settings=\"[]\">\n\t\t\t\t\t\t\t<div class=\"elementor-section-wrap\">\n\t\t\t\t\t\t\t<section class=\"elementor-section elementor-top-section elementor-element elementor-element-264b16b elementor-section-boxed elementor-section-height-default elementor-section-height-default tf-sticky-section tf-sticky-no\" data-id=\"264b16b\" data-element_type=\"section\" data-settings=\"{&quot;background_background&quot;:&quot;classic&quot;,&quot;tf_sticky&quot;:&quot;no&quot;}\">\n\t\t\t\t\t\t<div class=\"elementor-container elementor-column-gap-default\">\n\t\t\t\t\t<div class=\"elementor-column elementor-col-100 elementor-top-column elementor-element elementor-element-c0adcc4\" data-id=\"c0adcc4\" data-element_type=\"column\">\n\t\t\t<div class=\"elementor-widget-wrap elementor-element-populated\">\n\t\t\t\t\t\t\t\t<div class=\"elementor-element elementor-element-ab56a09 elementor-nav-menu__align-center elementor-nav-menu--indicator-none elementor-nav-menu--dropdown-none elementor-widget elementor-widget-global elementor-global-863 elementor-widget-nav-menu\" data-id=\"ab56a09\" data-element_type=\"widget\" data-settings=\"{&quot;layout&quot;:&quot;horizontal&quot;}\" data-widget_type=\"nav-menu.default\">\n\t\t\t\t<div class=\"elementor-widget-container\">\n\t\t\t\t\t\t<nav role=\"navigation\" class=\"elementor-nav-menu--main elementor-nav-menu__container elementor-nav-menu--layout-horizontal e--pointer-none\"><ul id=\"menu-1-ab56a09\" class=\"elementor-nav-menu\"><li class=\"menu-item menu-item-type-post_type menu-item-object-page menu-item-home menu-item-177\"><a href=\"https:\/\/bvlagos.pt\/gse\/\" class=\"elementor-item menu-link\">P\u00e1gina Inicial<\/a><\/li>\n<li class=\"menu-item menu-item-type-post_type menu-item-object-page menu-item-has-children menu-item-353\"><a href=\"https:\/\/bvlagos.pt\/gse\/associacao\/\" class=\"elementor-item menu-link\">Associa\u00e7\u00e3o<\/a>\n<ul class=\"sub-menu elementor-nav-menu--dropdown\">\n\t<li class=\"menu-item menu-item-type-post_type menu-item-object-page menu-item-1701\"><a href=\"https:\/\/bvlagos.pt\/gse\/assembleiageral\/\" class=\"elementor-sub-item menu-link\">Assembleia Geral<\/a><\/li>\n\t<li class=\"menu-item menu-item-type-post_type menu-item-object-page menu-item-935\"><a href=\"https:\/\/bvlagos.pt\/gse\/a-nossa-historia\/\" class=\"elementor-sub-item menu-link\">A Nossa Hist\u00f3ria<\/a><\/li>\n\t<li class=\"menu-item menu-item-type-post_type menu-item-object-page menu-item-936\"><a href=\"https:\/\/bvlagos.pt\/gse\/mensagem-do-presidente-da-ahbvl\/\" class=\"elementor-sub-item menu-link\">Mensagem do Presidente da AHBVL<\/a><\/li>\n\t<li class=\"menu-item menu-item-type-post_type menu-item-object-page menu-item-942\"><a href=\"https:\/\/bvlagos.pt\/gse\/orgaos-sociais\/\" class=\"elementor-sub-item menu-link\">Org\u00e3os Sociais<\/a><\/li>\n\t<li class=\"menu-item menu-item-type-post_type menu-item-object-page menu-item-937\"><a href=\"https:\/\/bvlagos.pt\/gse\/socios\/\" class=\"elementor-sub-item menu-link\">S\u00f3cios<\/a><\/li>\n\t<li class=\"menu-item menu-item-type-post_type menu-item-object-page menu-item-938\"><a href=\"https:\/\/bvlagos.pt\/gse\/protocolos\/\" class=\"elementor-sub-item menu-link\">Protocolos<\/a><\/li>\n\t<li class=\"menu-item menu-item-type-post_type menu-item-object-page menu-item-939\"><a href=\"https:\/\/bvlagos.pt\/gse\/estatutos\/\" class=\"elementor-sub-item menu-link\">Estatutos<\/a><\/li>\n<\/ul>\n<\/li>\n<li class=\"menu-item menu-item-type-post_type menu-item-object-page menu-item-437\"><a href=\"https:\/\/bvlagos.pt\/gse\/seccao-extintores\/\" class=\"elementor-item menu-link\">Departamento Extintores<\/a><\/li>\n<li class=\"menu-item menu-item-type-post_type menu-item-object-page menu-item-has-children menu-item-416\"><a href=\"https:\/\/bvlagos.pt\/gse\/corpo-bombeiros\/\" class=\"elementor-item menu-link\">Corpo Bombeiros<\/a>\n<ul class=\"sub-menu elementor-nav-menu--dropdown\">\n\t<li class=\"menu-item menu-item-type-post_type menu-item-object-page menu-item-417\"><a href=\"https:\/\/bvlagos.pt\/gse\/mensagem-do-comandante\/\" class=\"elementor-sub-item menu-link\">Mensagem do Comandante<\/a><\/li>\n\t<li class=\"menu-item menu-item-type-custom menu-item-object-custom menu-item-home menu-item-2775\"><a href=\"https:\/\/bvlagos.pt\/gse\/\" class=\"elementor-sub-item menu-link\">GSE Grupo Salvamentos Especiais<\/a><\/li>\n\t<li class=\"menu-item menu-item-type-post_type menu-item-object-page menu-item-1924\"><a href=\"https:\/\/bvlagos.pt\/gse\/cursoinicialbombeiro\/\" class=\"elementor-sub-item menu-link\">Curso Inicial Bombeiro<\/a><\/li>\n\t<li class=\"menu-item menu-item-type-post_type menu-item-object-page menu-item-1368\"><a href=\"https:\/\/bvlagos.pt\/gse\/area-privada\/\" class=\"elementor-sub-item menu-link\">Area Privada<\/a><\/li>\n\t<li class=\"menu-item menu-item-type-post_type menu-item-object-page menu-item-2045\"><a href=\"https:\/\/bvlagos.pt\/gse\/area-privada\/folhas-de-registo\/\" class=\"elementor-sub-item menu-link\">FOLHAS DE REGISTO<\/a><\/li>\n\t<li class=\"menu-item menu-item-type-post_type menu-item-object-page menu-item-969\"><a href=\"https:\/\/bvlagos.pt\/gse\/veiculos-operacionais\/\" class=\"elementor-sub-item menu-link\">Ve\u00edculos Operacionais<\/a><\/li>\n\t<li class=\"menu-item menu-item-type-post_type menu-item-object-page menu-item-971\"><a href=\"https:\/\/bvlagos.pt\/gse\/instalacoes\/\" class=\"elementor-sub-item menu-link\">Instala\u00e7\u00f5es<\/a><\/li>\n<\/ul>\n<\/li>\n<li class=\"menu-item menu-item-type-post_type menu-item-object-page menu-item-has-children menu-item-2563\"><a href=\"https:\/\/bvlagos.pt\/gse\/formacao-externa\/formacao\/\" class=\"elementor-item menu-link\">Forma\u00e7\u00e3o<\/a>\n<ul class=\"sub-menu elementor-nav-menu--dropdown\">\n\t<li class=\"menu-item menu-item-type-post_type menu-item-object-page menu-item-176\"><a href=\"https:\/\/bvlagos.pt\/gse\/formacao-externa\/\" class=\"elementor-sub-item menu-link\">Forma\u00e7\u00e3o Empresas<\/a><\/li>\n\t<li class=\"menu-item menu-item-type-custom menu-item-object-custom menu-item-2682\"><a href=\"https:\/\/bvlagos.pt\/eps\/lagos\/\" class=\"elementor-sub-item menu-link\">Forma\u00e7\u00e3o Escola Portuguesa Salvamento<\/a><\/li>\n<\/ul>\n<\/li>\n<li class=\"menu-item menu-item-type-post_type menu-item-object-page menu-item-has-children menu-item-922\"><a href=\"https:\/\/bvlagos.pt\/gse\/servicos-prestados-pelo-cb\/\" class=\"elementor-item menu-link\">Servi\u00e7os Prestados pelo CB<\/a>\n<ul class=\"sub-menu elementor-nav-menu--dropdown\">\n\t<li class=\"menu-item menu-item-type-post_type menu-item-object-page menu-item-984\"><a href=\"https:\/\/bvlagos.pt\/gse\/assistencia-medica-a-eventos\/\" class=\"elementor-sub-item menu-link\">Assist\u00eancia T\u00e9cnica a Eventos<\/a><\/li>\n\t<li class=\"menu-item menu-item-type-post_type menu-item-object-page menu-item-983\"><a href=\"https:\/\/bvlagos.pt\/gse\/prevencao-de-incendios-a-eventos\/\" class=\"elementor-sub-item menu-link\">Preven\u00e7\u00e3o de Inc\u00eandios e Eventos<\/a><\/li>\n\t<li class=\"menu-item menu-item-type-post_type menu-item-object-page menu-item-982\"><a href=\"https:\/\/bvlagos.pt\/gse\/organizacao-e-avaliacao-de-simulacros\/\" class=\"elementor-sub-item menu-link\">Organiza\u00e7\u00e3o e Avalia\u00e7\u00e3o de Simulacros<\/a><\/li>\n\t<li class=\"menu-item menu-item-type-post_type menu-item-object-page menu-item-981\"><a href=\"https:\/\/bvlagos.pt\/gse\/transporte-de-agua\/\" class=\"elementor-sub-item menu-link\">Transporte de \u00c1gua<\/a><\/li>\n<\/ul>\n<\/li>\n<li class=\"menu-item menu-item-type-post_type menu-item-object-page menu-item-2677\"><a href=\"https:\/\/bvlagos.pt\/gse\/merchandising\/\" class=\"elementor-item menu-link\">MERCHANDISING<\/a><\/li>\n<li class=\"menu-item menu-item-type-post_type menu-item-object-page menu-item-923\"><a href=\"https:\/\/bvlagos.pt\/gse\/contatos\/\" class=\"elementor-item menu-link\">Contatos<\/a><\/li>\n<\/ul><\/nav>\n\t\t\t\t\t<div class=\"elementor-menu-toggle\" role=\"button\" tabindex=\"0\" aria-label=\"Menu Toggle\" aria-expanded=\"false\">\n\t\t\t<i class=\"eicon-menu-bar\" aria-hidden=\"true\"><\/i>\n\t\t\t<span class=\"elementor-screen-only\">Menu<\/span>\n\t\t<\/div>\n\t\t\t<nav class=\"elementor-nav-menu--dropdown elementor-nav-menu__container\" role=\"navigation\" aria-hidden=\"true\"><ul id=\"menu-2-ab56a09\" class=\"elementor-nav-menu\"><li class=\"menu-item menu-item-type-post_type menu-item-object-page menu-item-home menu-item-177\"><a href=\"https:\/\/bvlagos.pt\/gse\/\" class=\"elementor-item menu-link\">P\u00e1gina Inicial<\/a><\/li>\n<li class=\"menu-item menu-item-type-post_type menu-item-object-page menu-item-has-children menu-item-353\"><a href=\"https:\/\/bvlagos.pt\/gse\/associacao\/\" class=\"elementor-item menu-link\">Associa\u00e7\u00e3o<\/a>\n<ul class=\"sub-menu elementor-nav-menu--dropdown\">\n\t<li class=\"menu-item menu-item-type-post_type menu-item-object-page menu-item-1701\"><a href=\"https:\/\/bvlagos.pt\/gse\/assembleiageral\/\" class=\"elementor-sub-item menu-link\">Assembleia Geral<\/a><\/li>\n\t<li class=\"menu-item menu-item-type-post_type menu-item-object-page menu-item-935\"><a href=\"https:\/\/bvlagos.pt\/gse\/a-nossa-historia\/\" class=\"elementor-sub-item menu-link\">A Nossa Hist\u00f3ria<\/a><\/li>\n\t<li class=\"menu-item menu-item-type-post_type menu-item-object-page menu-item-936\"><a href=\"https:\/\/bvlagos.pt\/gse\/mensagem-do-presidente-da-ahbvl\/\" class=\"elementor-sub-item menu-link\">Mensagem do Presidente da AHBVL<\/a><\/li>\n\t<li class=\"menu-item menu-item-type-post_type menu-item-object-page menu-item-942\"><a href=\"https:\/\/bvlagos.pt\/gse\/orgaos-sociais\/\" class=\"elementor-sub-item menu-link\">Org\u00e3os Sociais<\/a><\/li>\n\t<li class=\"menu-item menu-item-type-post_type menu-item-object-page menu-item-937\"><a href=\"https:\/\/bvlagos.pt\/gse\/socios\/\" class=\"elementor-sub-item menu-link\">S\u00f3cios<\/a><\/li>\n\t<li class=\"menu-item menu-item-type-post_type menu-item-object-page menu-item-938\"><a href=\"https:\/\/bvlagos.pt\/gse\/protocolos\/\" class=\"elementor-sub-item menu-link\">Protocolos<\/a><\/li>\n\t<li class=\"menu-item menu-item-type-post_type menu-item-object-page menu-item-939\"><a href=\"https:\/\/bvlagos.pt\/gse\/estatutos\/\" class=\"elementor-sub-item menu-link\">Estatutos<\/a><\/li>\n<\/ul>\n<\/li>\n<li class=\"menu-item menu-item-type-post_type menu-item-object-page menu-item-437\"><a href=\"https:\/\/bvlagos.pt\/gse\/seccao-extintores\/\" class=\"elementor-item menu-link\">Departamento Extintores<\/a><\/li>\n<li class=\"menu-item menu-item-type-post_type menu-item-object-page menu-item-has-children menu-item-416\"><a href=\"https:\/\/bvlagos.pt\/gse\/corpo-bombeiros\/\" class=\"elementor-item menu-link\">Corpo Bombeiros<\/a>\n<ul class=\"sub-menu elementor-nav-menu--dropdown\">\n\t<li class=\"menu-item menu-item-type-post_type menu-item-object-page menu-item-417\"><a href=\"https:\/\/bvlagos.pt\/gse\/mensagem-do-comandante\/\" class=\"elementor-sub-item menu-link\">Mensagem do Comandante<\/a><\/li>\n\t<li class=\"menu-item menu-item-type-custom menu-item-object-custom menu-item-home menu-item-2775\"><a href=\"https:\/\/bvlagos.pt\/gse\/\" class=\"elementor-sub-item menu-link\">GSE Grupo Salvamentos Especiais<\/a><\/li>\n\t<li class=\"menu-item menu-item-type-post_type menu-item-object-page menu-item-1924\"><a href=\"https:\/\/bvlagos.pt\/gse\/cursoinicialbombeiro\/\" class=\"elementor-sub-item menu-link\">Curso Inicial Bombeiro<\/a><\/li>\n\t<li class=\"menu-item menu-item-type-post_type menu-item-object-page menu-item-1368\"><a href=\"https:\/\/bvlagos.pt\/gse\/area-privada\/\" class=\"elementor-sub-item menu-link\">Area Privada<\/a><\/li>\n\t<li class=\"menu-item menu-item-type-post_type menu-item-object-page menu-item-2045\"><a href=\"https:\/\/bvlagos.pt\/gse\/area-privada\/folhas-de-registo\/\" class=\"elementor-sub-item menu-link\">FOLHAS DE REGISTO<\/a><\/li>\n\t<li class=\"menu-item menu-item-type-post_type menu-item-object-page menu-item-969\"><a href=\"https:\/\/bvlagos.pt\/gse\/veiculos-operacionais\/\" class=\"elementor-sub-item menu-link\">Ve\u00edculos Operacionais<\/a><\/li>\n\t<li class=\"menu-item menu-item-type-post_type menu-item-object-page menu-item-971\"><a href=\"https:\/\/bvlagos.pt\/gse\/instalacoes\/\" class=\"elementor-sub-item menu-link\">Instala\u00e7\u00f5es<\/a><\/li>\n<\/ul>\n<\/li>\n<li class=\"menu-item menu-item-type-post_type menu-item-object-page menu-item-has-children menu-item-2563\"><a href=\"https:\/\/bvlagos.pt\/gse\/formacao-externa\/formacao\/\" class=\"elementor-item menu-link\">Forma\u00e7\u00e3o<\/a>\n<ul class=\"sub-menu elementor-nav-menu--dropdown\">\n\t<li class=\"menu-item menu-item-type-post_type menu-item-object-page menu-item-176\"><a href=\"https:\/\/bvlagos.pt\/gse\/formacao-externa\/\" class=\"elementor-sub-item menu-link\">Forma\u00e7\u00e3o Empresas<\/a><\/li>\n\t<li class=\"menu-item menu-item-type-custom menu-item-object-custom menu-item-2682\"><a href=\"https:\/\/bvlagos.pt\/eps\/lagos\/\" class=\"elementor-sub-item menu-link\">Forma\u00e7\u00e3o Escola Portuguesa Salvamento<\/a><\/li>\n<\/ul>\n<\/li>\n<li class=\"menu-item menu-item-type-post_type menu-item-object-page menu-item-has-children menu-item-922\"><a href=\"https:\/\/bvlagos.pt\/gse\/servicos-prestados-pelo-cb\/\" class=\"elementor-item menu-link\">Servi\u00e7os Prestados pelo CB<\/a>\n<ul class=\"sub-menu elementor-nav-menu--dropdown\">\n\t<li class=\"menu-item menu-item-type-post_type menu-item-object-page menu-item-984\"><a href=\"https:\/\/bvlagos.pt\/gse\/assistencia-medica-a-eventos\/\" class=\"elementor-sub-item menu-link\">Assist\u00eancia T\u00e9cnica a Eventos<\/a><\/li>\n\t<li class=\"menu-item menu-item-type-post_type menu-item-object-page menu-item-983\"><a href=\"https:\/\/bvlagos.pt\/gse\/prevencao-de-incendios-a-eventos\/\" class=\"elementor-sub-item menu-link\">Preven\u00e7\u00e3o de Inc\u00eandios e Eventos<\/a><\/li>\n\t<li class=\"menu-item menu-item-type-post_type menu-item-object-page menu-item-982\"><a href=\"https:\/\/bvlagos.pt\/gse\/organizacao-e-avaliacao-de-simulacros\/\" class=\"elementor-sub-item menu-link\">Organiza\u00e7\u00e3o e Avalia\u00e7\u00e3o de Simulacros<\/a><\/li>\n\t<li class=\"menu-item menu-item-type-post_type menu-item-object-page menu-item-981\"><a href=\"https:\/\/bvlagos.pt\/gse\/transporte-de-agua\/\" class=\"elementor-sub-item menu-link\">Transporte de \u00c1gua<\/a><\/li>\n<\/ul>\n<\/li>\n<li class=\"menu-item menu-item-type-post_type menu-item-object-page menu-item-2677\"><a href=\"https:\/\/bvlagos.pt\/gse\/merchandising\/\" class=\"elementor-item menu-link\">MERCHANDISING<\/a><\/li>\n<li class=\"menu-item menu-item-type-post_type menu-item-object-page menu-item-923\"><a href=\"https:\/\/bvlagos.pt\/gse\/contatos\/\" class=\"elementor-item menu-link\">Contatos<\/a><\/li>\n<\/ul><\/nav>\n\t\t\t\t<\/div>\n\t\t\t\t<\/div>\n\t\t\t\t\t<\/div>\n\t\t<\/div>\n\t\t\t\t\t\t\t<\/div>\n\t\t<\/section>\n\t\t\t\t<section class=\"elementor-section elementor-top-section elementor-element elementor-element-176cd766 elementor-section-height-min-height elementor-section-boxed elementor-section-height-default elementor-section-items-middle tf-sticky-section tf-sticky-no\" data-id=\"176cd766\" data-element_type=\"section\" data-settings=\"{&quot;background_background&quot;:&quot;classic&quot;,&quot;tf_sticky&quot;:&quot;no&quot;}\">\n\t\t\t\t\t\t\t<div class=\"elementor-background-overlay\"><\/div>\n\t\t\t\t\t\t\t<div class=\"elementor-container elementor-column-gap-default\">\n\t\t\t\t\t<div class=\"elementor-column elementor-col-50 elementor-top-column elementor-element elementor-element-584c76\" data-id=\"584c76\" data-element_type=\"column\">\n\t\t\t<div class=\"elementor-widget-wrap elementor-element-populated\">\n\t\t\t\t\t\t\t\t<div class=\"elementor-element elementor-element-3e1342e elementor-widget elementor-widget-image\" data-id=\"3e1342e\" data-element_type=\"widget\" data-widget_type=\"image.default\">\n\t\t\t\t<div class=\"elementor-widget-container\">\n\t\t\t\t\t\t\t\t\t\t\t\t\t\t\t<img loading=\"lazy\" decoding=\"async\" width=\"827\" height=\"1021\" src=\"https:\/\/bvlagos.pt\/gse\/wp-content\/uploads\/2021\/02\/cbvl2013-7x5-1.png\" class=\"attachment-large size-large\" alt=\"\" srcset=\"https:\/\/bvlagos.pt\/gse\/wp-content\/uploads\/2021\/02\/cbvl2013-7x5-1.png 827w, https:\/\/bvlagos.pt\/gse\/wp-content\/uploads\/2021\/02\/cbvl2013-7x5-1-243x300.png 243w, https:\/\/bvlagos.pt\/gse\/wp-content\/uploads\/2021\/02\/cbvl2013-7x5-1-768x948.png 768w\" sizes=\"auto, (max-width: 827px) 100vw, 827px\" \/>\t\t\t\t\t\t\t\t\t\t\t\t\t\t\t<\/div>\n\t\t\t\t<\/div>\n\t\t\t\t\t<\/div>\n\t\t<\/div>\n\t\t\t\t<div class=\"elementor-column elementor-col-50 elementor-top-column elementor-element elementor-element-7051f4fb\" data-id=\"7051f4fb\" data-element_type=\"column\">\n\t\t\t<div class=\"elementor-widget-wrap elementor-element-populated\">\n\t\t\t\t\t\t\t\t<div class=\"elementor-element elementor-element-48f945d2 elementor-invisible elementor-widget elementor-widget-heading\" data-id=\"48f945d2\" data-element_type=\"widget\" data-settings=\"{&quot;_animation&quot;:&quot;fadeInRight&quot;}\" data-widget_type=\"heading.default\">\n\t\t\t\t<div class=\"elementor-widget-container\">\n\t\t\t<h1 class=\"elementor-heading-title elementor-size-default\">Corpo Bombeiros Lagos<\/h1>\t\t<\/div>\n\t\t\t\t<\/div>\n\t\t\t\t<div class=\"elementor-element elementor-element-22716ba3 elementor-widget elementor-widget-text-editor\" data-id=\"22716ba3\" data-element_type=\"widget\" data-widget_type=\"text-editor.default\">\n\t\t\t\t<div class=\"elementor-widget-container\">\n\t\t\t\t\t\t\t\t<p>JUNTOS SOMOS MAIS FORTES<\/p>\t\t\t\t\t\t<\/div>\n\t\t\t\t<\/div>\n\t\t\t\t\t<\/div>\n\t\t<\/div>\n\t\t\t\t\t\t\t<\/div>\n\t\t<\/section>\n\t\t\t\t<section class=\"elementor-section elementor-inner-section elementor-element elementor-element-45b8e6fe elementor-section-boxed elementor-section-height-default elementor-section-height-default tf-sticky-section tf-sticky-no\" data-id=\"45b8e6fe\" data-element_type=\"section\" data-settings=\"{&quot;background_background&quot;:&quot;classic&quot;,&quot;tf_sticky&quot;:&quot;no&quot;}\">\n\t\t\t\t\t\t\t<div class=\"elementor-background-overlay\"><\/div>\n\t\t\t\t\t\t\t<div class=\"elementor-container elementor-column-gap-default\">\n\t\t\t\t\t<div class=\"elementor-column elementor-col-100 elementor-inner-column elementor-element elementor-element-78cb4565\" data-id=\"78cb4565\" data-element_type=\"column\">\n\t\t\t<div class=\"elementor-widget-wrap\">\n\t\t\t\t\t\t\t\t\t<\/div>\n\t\t<\/div>\n\t\t\t\t\t\t\t<\/div>\n\t\t<\/section>\n\t\t\t\t<section class=\"elementor-section elementor-inner-section elementor-element elementor-element-76e929bf elementor-section-boxed elementor-section-height-default elementor-section-height-default tf-sticky-section tf-sticky-no\" data-id=\"76e929bf\" data-element_type=\"section\" data-settings=\"{&quot;tf_sticky&quot;:&quot;no&quot;}\">\n\t\t\t\t\t\t<div class=\"elementor-container elementor-column-gap-default\">\n\t\t\t\t\t<div class=\"elementor-column elementor-col-100 elementor-inner-column elementor-element elementor-element-298955f3\" data-id=\"298955f3\" data-element_type=\"column\">\n\t\t\t<div class=\"elementor-widget-wrap elementor-element-populated\">\n\t\t\t\t\t\t\t\t<div class=\"elementor-element elementor-element-4fca2c42 elementor-widget elementor-widget-google_maps\" data-id=\"4fca2c42\" data-element_type=\"widget\" data-widget_type=\"google_maps.default\">\n\t\t\t\t<div class=\"elementor-widget-container\">\n\t\t\t\t\t<div class=\"elementor-custom-embed\">\n\t\t\t<iframe frameborder=\"0\" scrolling=\"no\" marginheight=\"0\" marginwidth=\"0\" src=\"https:\/\/maps.google.com\/maps?q=R.%20Bombeiros%20Volunt%C3%A1rios%20de%20Lagos%20112%2C%208600-548%20Lagos&amp;t=m&amp;z=16&amp;output=embed&amp;iwloc=near\" title=\"%3$s\" aria-label=\"%3$s\"><\/iframe>\n\t\t<\/div>\n\t\t\t\t<\/div>\n\t\t\t\t<\/div>\n\t\t\t\t\t<\/div>\n\t\t<\/div>\n\t\t\t\t\t\t\t<\/div>\n\t\t<\/section>\n\t\t\t\t\t\t<\/div>\n\t\t\t\t\t<\/div>\n\t\t","protected":false},"excerpt":{"rendered":"<p>Corpo Bombeiros Lagos JUNTOS SOMOS MAIS FORTES<\/p>\n","protected":false},"author":1,"featured_media":0,"parent":0,"menu_order":0,"comment_status":"closed","ping_status":"closed","template":"","meta":{"footnotes":""},"class_list":["post-374","page","type-page","status-publish","hentry"],"_links":{"self":[{"href":"https:\/\/bvlagos.pt\/gse\/wp-json\/wp\/v2\/pages\/374","targetHints":{"allow":["GET"]}}],"collection":[{"href":"https:\/\/bvlagos.pt\/gse\/wp-json\/wp\/v2\/pages"}],"about":[{"href":"https:\/\/bvlagos.pt\/gse\/wp-json\/wp\/v2\/types\/page"}],"author":[{"embeddable":true,"href":"https:\/\/bvlagos.pt\/gse\/wp-json\/wp\/v2\/users\/1"}],"replies":[{"embeddable":true,"href":"https:\/\/bvlagos.pt\/gse\/wp-json\/wp\/v2\/comments?post=374"}],"version-history":[{"count":14,"href":"https:\/\/bvlagos.pt\/gse\/wp-json\/wp\/v2\/pages\/374\/revisions"}],"predecessor-version":[{"id":897,"href":"https:\/\/bvlagos.pt\/gse\/wp-json\/wp\/v2\/pages\/374\/revisions\/897"}],"wp:attachment":[{"href":"https:\/\/bvlagos.pt\/gse\/wp-json\/wp\/v2\/media?parent=374"}],"curies":[{"name":"wp","href":"https:\/\/api.w.org\/{rel}","templated":true}]}}