{"id":678,"date":"2021-03-14T21:57:42","date_gmt":"2021-03-14T21:57:42","guid":{"rendered":"https:\/\/bvlagos.pt\/gse\/?page_id=678"},"modified":"2023-01-06T12:12:01","modified_gmt":"2023-01-06T12:12:01","slug":"corpo-ativo","status":"publish","type":"page","link":"https:\/\/bvlagos.pt\/gse\/corpo-ativo\/","title":{"rendered":"Corpo Ativo"},"content":{"rendered":"<p><img width=\"827\" height=\"1021\" src=\"https:\/\/bvlagos.pt\/gse\/wp-content\/uploads\/2021\/02\/cbvl2013-7x5-1.png\" alt=\"\" decoding=\"async\" loading=\"lazy\" srcset=\"https:\/\/bvlagos.pt\/gse\/wp-content\/uploads\/2021\/02\/cbvl2013-7x5-1.png 827w, https:\/\/bvlagos.pt\/gse\/wp-content\/uploads\/2021\/02\/cbvl2013-7x5-1-243x300.png 243w, https:\/\/bvlagos.pt\/gse\/wp-content\/uploads\/2021\/02\/cbvl2013-7x5-1-768x948.png 768w\" sizes=\"auto, (max-width: 827px) 100vw, 827px\"><\/p>\n<h3>CORPO BOMBEIROS LAGOS<\/h3>\n<h2>COMANDO<\/h2>\n<p><img decoding=\"async\" src=\"https:\/\/bvlagos.pt\/gse\/wp-content\/uploads\/elementor\/thumbs\/0001CMDT-p484k66mcjjvtdokynoy5pmo3hnp5bfwfjtg7ivxlc.jpg\" title=\"0001CMDT\" alt=\"0001CMDT\"><\/p>\n<h3>COMANDANTE<\/h3>\n<p>M\u00c1RCIO REGINO<\/p>\n<p><img decoding=\"async\" src=\"https:\/\/bvlagos.pt\/gse\/wp-content\/uploads\/elementor\/thumbs\/GONCALOSANTOS-q09gdkmoxdik5z2kiqz01zp1j5k2gw19s010bhcnpc.jpg\" title=\"GONCALOSANTOS\" alt=\"GONCALOSANTOS\"><\/p>\n<h3>2\u00ba COMANDANTE<\/h3>\n<p>GON\u00c7ALO SANTOS<\/p>\n<p><img decoding=\"async\" src=\"https:\/\/bvlagos.pt\/gse\/wp-content\/uploads\/elementor\/thumbs\/LUISMARREIROS-q09gdjouqjh9ud3xo8kdhhxkxrop96xjfvdiu7e1vk.jpg\" title=\"LUISMARREIROS\" alt=\"LUISMARREIROS\"><\/p>\n<h3>ADJUNTO COMANDO<\/h3>\n<p>LUIS MARREIROS<\/p>\n<p><img decoding=\"async\" src=\"https:\/\/bvlagos.pt\/gse\/wp-content\/uploads\/elementor\/thumbs\/43-1-p484ndsrp5y5hf0n7jo26egd5vtug36vvg268k4ic0.jpg\" title=\"43\" alt=\"43\"><\/p>\n<h5>OFICIAL BOMBEIRO<\/h5>\n<p>ANT\u00d3NIO BARRETO<\/p>\n<p><img decoding=\"async\" src=\"https:\/\/bvlagos.pt\/gse\/wp-content\/uploads\/elementor\/thumbs\/81-p484lj287xesl3pl18tjrdamziys9ktxy9qp5wvgls.jpg\" title=\"81\" alt=\"81\"><\/p>\n<h5>OFICIAL BOMBEIRO<\/h5>\n<p>luisa monteiro<\/p>\n<p><img decoding=\"async\" src=\"https:\/\/bvlagos.pt\/gse\/wp-content\/uploads\/elementor\/thumbs\/2-p484k904x1nqs7khi6wtv6x1vn9sser3fxrwncrr2o.jpg\" title=\"2\" alt=\"2\"><\/p>\n<h5>CHEFE<\/h5>\n<p>jOS\u00c9 JO\u00c3O<\/p>\n<p><img decoding=\"async\" src=\"https:\/\/bvlagos.pt\/gse\/wp-content\/uploads\/elementor\/thumbs\/8-1-p484kcrhodsw2nf0w8jc55yw96r9n760sgdukgm6ds.jpg\" title=\"8\" alt=\"8\"><\/p>\n<h5>CHEFE<\/h5>\n<p>RUI RODRGUES<\/p>\n<p><img decoding=\"async\" src=\"https:\/\/bvlagos.pt\/gse\/wp-content\/uploads\/elementor\/thumbs\/5-p484k9xz3vp13tj4cpbgfooih15603uts2fe4mqcwg.jpg\" title=\"5\" alt=\"5\"><\/p>\n<h5>CHEFE<\/h5>\n<p>JOS\u00c9 GL\u00d3RIA<\/p>\n<p><img decoding=\"async\" src=\"https:\/\/bvlagos.pt\/gse\/wp-content\/uploads\/elementor\/thumbs\/16-p484kieite0m0b6tzaz3k4jnthzgxdset8arg4dtcg.jpg\" title=\"16\" alt=\"16\"><\/p>\n<h5>SUB CHEFE<\/h5>\n<p>RICARDO VIEIRA<\/p>\n<p><img decoding=\"async\" src=\"https:\/\/bvlagos.pt\/gse\/wp-content\/uploads\/elementor\/thumbs\/7-1-p484kbtnhjrlr1ge1q4pko7fnsvwfi2agbqd36nkk0.jpg\" title=\"7\" alt=\"7\"><\/p>\n<h5>SUB CHEFE<\/h5>\n<p>JORGE SANTOS&nbsp;<\/p>\n<p><img decoding=\"async\" src=\"https:\/\/bvlagos.pt\/gse\/wp-content\/uploads\/elementor\/thumbs\/18-p484kjcd081wbx5gttdq4mb4evuu52w55cy8xecf68.jpg\" title=\"18\" alt=\"18\"><\/p>\n<h5>SUB CHEFE<\/h5>\n<p>FERNANDO DOMINGOS<\/p>\n<p><img decoding=\"async\" src=\"https:\/\/bvlagos.pt\/gse\/wp-content\/uploads\/elementor\/thumbs\/1-p484k904x1nqs7khi6wtv6x1vn9sser3fxrwncrr2o.jpg\" title=\"1\" alt=\"1\"><\/p>\n<h5>SUB CHEFE<\/h5>\n<p>GUILHERME DIAS<\/p>\n<p><img decoding=\"async\" src=\"https:\/\/bvlagos.pt\/gse\/wp-content\/uploads\/elementor\/thumbs\/6-p484kavtapqbffhr77q306fz2f0j7syk472vlwoyq8.jpg\" title=\"6\" alt=\"6\"><\/p>\n<h5>BOMBEIRO 1\u00aa<\/h5>\n<p>HELDER OLIVEIRA<\/p>\n<p><img decoding=\"async\" src=\"https:\/\/bvlagos.pt\/gse\/wp-content\/uploads\/elementor\/thumbs\/15-p484khgomjzbop874skgzms78443poooh3n9yuf7io.jpg\" title=\"15\" alt=\"15\"><\/p>\n<h5>BOMBEIRO 1\u00aa<\/h5>\n<p>PEDRO SOUSA<\/p>\n<p><img decoding=\"async\" src=\"https:\/\/bvlagos.pt\/gse\/wp-content\/uploads\/elementor\/thumbs\/9-p484kdpbv7u6e9dnqqxypnqcukmmuw9r4l1c1qks7k.jpg\" title=\"9\" alt=\"9\"><\/p>\n<h5>BOMBEIRO 1\u00aa<\/h5>\n<p>M\u00c1RIO SANTOS<\/p>\n<p><img decoding=\"async\" src=\"https:\/\/bvlagos.pt\/gse\/wp-content\/uploads\/elementor\/thumbs\/14-p484kgiufpy1d39kaa5uf50qmq8qhzky4yzshkglow.jpg\" title=\"14\" alt=\"14\"><\/p>\n<h5>BOMBEIRO 1\u00aa<\/h5>\n<p>\u00c2NGELO MARQUES<\/p>\n<p><img decoding=\"async\" src=\"https:\/\/bvlagos.pt\/gse\/wp-content\/uploads\/elementor\/thumbs\/11-p484kdpbv7u6e9dnqqxypnqcukmmuw9r4l1c1qks7k.jpg\" title=\"11\" alt=\"11\"><\/p>\n<h5>BOMBEIRO 1\u00aa<\/h5>\n<p>PATRICIO FERREIRA<\/p>\n<p><img decoding=\"async\" src=\"https:\/\/bvlagos.pt\/gse\/wp-content\/uploads\/elementor\/thumbs\/13-p484kfl08vwr1haxfrr7un9a1cddaah7sucb0ahzv4.jpg\" title=\"13\" alt=\"13\"><\/p>\n<h5>BOMBEIRO 1\u00aa<\/h5>\n<p>JOS\u00c9 SOUSA<\/p>\n<p><img decoding=\"async\" src=\"https:\/\/bvlagos.pt\/gse\/wp-content\/uploads\/elementor\/thumbs\/21-p484kl81dw4gz52qiu6z9lu1lnlkkh3ltm97vy9mts.jpg\" title=\"21\" alt=\"21\"><\/p>\n<h5>BOMBEIRO 1\u00aa<\/h5>\n<p>ANT\u00d3NIO SOUSA<\/p>\n<p><img decoding=\"async\" src=\"https:\/\/bvlagos.pt\/gse\/wp-content\/uploads\/elementor\/thumbs\/45-p484l09gf8p24wgw30p0di1f3tjfzmrb7oozkdnc28.jpg\" title=\"45\" alt=\"45\"><\/p>\n<h5>BOMBEIRO 2\u00aa<\/h5>\n<p>S\u00d3NIA MARREIROS<\/p>\n<p><img decoding=\"async\" src=\"https:\/\/bvlagos.pt\/gse\/wp-content\/uploads\/elementor\/thumbs\/17-1-p3shzeejar18zzyoxaav5ff3swzpm7cb9myjnrvg0g.jpg\" title=\"17\" alt=\"BOMBEIRO 2\u00aa\"><\/p>\n<h5>BOMBEIRO 2\u00aa<\/h5>\n<p>JO\u00c3O FIGUEIRAS<\/p>\n<p><img decoding=\"async\" src=\"https:\/\/bvlagos.pt\/gse\/wp-content\/uploads\/elementor\/thumbs\/20-p484kka77236nj43obscp42l09q7crzvhhlqeob100.jpg\" title=\"20\" alt=\"20\"><\/p>\n<h5>BOMBEIRO 2\u00aa<\/h5>\n<p>LU\u00cdS COELHO<\/p>\n<p><img decoding=\"async\" src=\"https:\/\/bvlagos.pt\/gse\/wp-content\/uploads\/elementor\/thumbs\/78-p484lh6ju9c7xvsbc80amdrpsr81u6mha0fq7cy8y8.jpg\" title=\"78\" alt=\"78\"><\/p>\n<h5>BOMBEIRO 2\u00aa<\/h5>\n<p>TIAGO VIEGAS<\/p>\n<p><img decoding=\"async\" src=\"https:\/\/bvlagos.pt\/gse\/wp-content\/uploads\/elementor\/thumbs\/76-p484lfavgl9nanv1n771he8slzhbesf0lr4r8t11ao.jpg\" title=\"76\" alt=\"76\"><\/p>\n<h5>BOMBEIRO 2\u00aa<\/h5>\n<p>VITOR LOPES<\/p>\n<p><img decoding=\"async\" src=\"https:\/\/bvlagos.pt\/gse\/wp-content\/uploads\/elementor\/thumbs\/23-p484kn3prk71md007v08elcysfcazvb2hvk6ui6uhc.jpg\" title=\"23\" alt=\"23\"><\/p>\n<h5>BOMBEIRO 2\u00aa<\/h5>\n<p>BRUNO LUZ<\/p>\n<p><img decoding=\"async\" src=\"https:\/\/bvlagos.pt\/gse\/wp-content\/uploads\/elementor\/thumbs\/19-p484kjcd081wbx5gttdq4mb4evuu52w55cy8xecf68.jpg\" title=\"19\" alt=\"19\"><\/p>\n<h5>BOMBEIRO 2\u00aa<\/h5>\n<p>VASCO SOUSA<\/p>\n<p><img decoding=\"async\" src=\"https:\/\/bvlagos.pt\/gse\/wp-content\/uploads\/elementor\/thumbs\/37-p484kwi3nwjwugmcoz2i3izkqa1z4ucdv631n9swr4.jpg\" title=\"37\" alt=\"37\"><\/p>\n<h5>BOMBEIRO 2\u00aa<\/h5>\n<p>LUIS BRAVO<\/p>\n<p><img decoding=\"async\" src=\"https:\/\/bvlagos.pt\/gse\/wp-content\/uploads\/elementor\/thumbs\/26-p484ko1jye8bxyyn2deuz34fdt7o7kesu07obs5gb4.jpg\" title=\"26\" alt=\"26\"><\/p>\n<h5>BOMBEIRO 2\u00aa<\/h5>\n<p>FILIPE CAMACHO<\/p>\n<p><img decoding=\"async\" src=\"https:\/\/bvlagos.pt\/gse\/wp-content\/uploads\/elementor\/thumbs\/24-p484ko1jye8bxyyn2deuz34fdt7o7kesu07obs5gb4.jpg\" title=\"24\" alt=\"24\"><\/p>\n<h5>BOMBEIRO 2\u00aa<\/h5>\n<p>EDUARDO MATIAS<\/p>\n<p><img decoding=\"async\" src=\"https:\/\/bvlagos.pt\/gse\/wp-content\/uploads\/elementor\/thumbs\/29-p484kqv2iwc6wsujlwmqoket5ytrunpzue64rm19sg.jpg\" title=\"29\" alt=\"29\"><\/p>\n<h5>BOMBEIRO 2\u00aa<\/h5>\n<p>DANIEL SILVA<\/p>\n<p><img decoding=\"async\" src=\"https:\/\/bvlagos.pt\/gse\/wp-content\/uploads\/elementor\/thumbs\/25-p3shzk1kfr8yxnqi0cqmkdzvd87wwdypaevgjfn2z4.jpg\" title=\"25\" alt=\"BOMBEIRO 2\u00aa\"><\/p>\n<h5>BOMBEIRO 2\u00aa<\/h5>\n<p>ANDREIA PARGANA<\/p>\n<p><img decoding=\"async\" src=\"https:\/\/bvlagos.pt\/gse\/wp-content\/uploads\/elementor\/thumbs\/31-p484krswpqdh8et6gf1d9269rcp52ctq6itm8vzvm8.jpg\" title=\"31\" alt=\"31\"><\/p>\n<h5>BOMBEIRO 2\u00aa<\/h5>\n<p>DANIEL GUERREIRO<\/p>\n<p><img decoding=\"async\" src=\"https:\/\/bvlagos.pt\/gse\/wp-content\/uploads\/elementor\/thumbs\/34-p484kumfa8hc78p2zy98yjgnjib8pg4x6ws2opvp3k.jpg\" title=\"34\" alt=\"34\"><\/p>\n<h5>BOMBEIRO 2\u00aa<\/h5>\n<p>ANDR\u00c9 SIM\u00d5ES<\/p>\n<p><img decoding=\"async\" src=\"https:\/\/bvlagos.pt\/gse\/wp-content\/uploads\/elementor\/thumbs\/32-p484ksqqwkerk0rtaxfztjxqcqkia1xginh3q5yhg0.jpg\" title=\"32\" alt=\"32\"><\/p>\n<h5>BOMBEIRO 2\u00aa<\/h5>\n<p>CL\u00c1UDIO OLIVEIRA<\/p>\n<p><img decoding=\"async\" src=\"https:\/\/bvlagos.pt\/gse\/wp-content\/uploads\/elementor\/thumbs\/59-p484l8q04r0n1e4lpmcnhxwkgadqwwow8ukcvvasi8.jpg\" title=\"59\" alt=\"59\"><\/p>\n<h5>BOMBEIRO 2\u00aa<\/h5>\n<p>LUIS MARREIROS<\/p>\n<p><img decoding=\"async\" src=\"https:\/\/bvlagos.pt\/gse\/wp-content\/uploads\/elementor\/thumbs\/30-p484krswpqdh8et6gf1d9269rcp52ctq6itm8vzvm8.jpg\" title=\"30\" alt=\"30\"><\/p>\n<h5>BOMBEIRO 2\u00aa<\/h5>\n<p>JOS\u00c9 VIT\u00d3RIA<\/p>\n<p><img decoding=\"async\" src=\"https:\/\/bvlagos.pt\/gse\/wp-content\/uploads\/elementor\/thumbs\/27-p484koze589m9kx9wvthjkvvz731f9ij64v5t2424w.jpg\" title=\"27\" alt=\"27\"><\/p>\n<h5>BOMBEIRO 2\u00aa<\/h5>\n<p>PEDRO ROSADO<\/p>\n<p><img decoding=\"async\" src=\"https:\/\/bvlagos.pt\/gse\/wp-content\/uploads\/elementor\/thumbs\/28-p484kpx8c2awl6vwre8442nckkyemym9i9inac2nyo.jpg\" title=\"28\" alt=\"28\"><\/p>\n<h5>BOMBEIRO 2\u00aa<\/h5>\n<p>RICARDO BALSINHA<\/p>\n<p><img decoding=\"async\" src=\"https:\/\/bvlagos.pt\/gse\/wp-content\/uploads\/elementor\/thumbs\/77-p484lg8pnfaxm9tohplo1w097dcomhiqxvs8q2zn4g.jpg\" title=\"77\" alt=\"77\"><\/p>\n<h5>BOMBEIRO 2\u00aa<\/h5>\n<p>JO\u00c3O CANASTRA<\/p>\n<p><img decoding=\"async\" src=\"https:\/\/bvlagos.pt\/gse\/wp-content\/uploads\/elementor\/thumbs\/22-p484km5vkq5rar1ddcllu3li71gxs67c5qwpd888nk.jpg\" title=\"22\" alt=\"22\"><\/p>\n<h5>BOMBEIRO 2\u00aa<\/h5>\n<p>FERNANDO ABRANTES<\/p>\n<p><img decoding=\"async\" src=\"https:\/\/bvlagos.pt\/gse\/wp-content\/uploads\/elementor\/thumbs\/12-p484ken621vgpvcal9cla5htfyi02ldhgpotj0je1c.jpg\" title=\"12\" alt=\"12\"><\/p>\n<h5>BOMBEIRO 2\u00aa<\/h5>\n<p>MIGUEL FERREIRA<\/p>\n<p><img decoding=\"async\" src=\"https:\/\/bvlagos.pt\/gse\/wp-content\/uploads\/elementor\/thumbs\/58-p484l7s5xwzcps5yv3y0xg53uwidp7l5wpwvelc6og.jpg\" title=\"58\" alt=\"58\"><\/p>\n<h5>BOMBEIRO 3\u00aa<\/h5>\n<p>JOS\u00c9 OLIVEIRA<\/p>\n<p><img decoding=\"async\" src=\"https:\/\/bvlagos.pt\/gse\/wp-content\/uploads\/elementor\/thumbs\/84-p484lj287xesl3pl18tjrdamziys9ktxy9qp5wvgls.jpg\" title=\"84\" alt=\"84\"><\/p>\n<h5>BOMBEIRO 3\u00aa<\/h5>\n<p>TIAGO REIS<\/p>\n<p><img decoding=\"async\" src=\"https:\/\/bvlagos.pt\/gse\/wp-content\/uploads\/elementor\/thumbs\/85-p484lk02erg2wpo7vr86bv23kwu5h9xoaee6n6u2fk.jpg\" title=\"85\" alt=\"85\"><\/p>\n<h5>BOMBEIRO 3\u00aa<\/h5>\n<p>S\u00d3NIA CONCEI\u00c7\u00c3O<\/p>\n<p><img decoding=\"async\" src=\"https:\/\/bvlagos.pt\/gse\/wp-content\/uploads\/elementor\/thumbs\/75-p484lfavgl9nanv1n771he8slzhbesf0lr4r8t11ao.jpg\" title=\"75\" alt=\"75\"><\/p>\n<h5>BOMBEIRO 3\u00aa<\/h5>\n<p>GABRIEL CARMO<\/p>\n<p><img decoding=\"async\" src=\"https:\/\/bvlagos.pt\/gse\/wp-content\/uploads\/elementor\/thumbs\/33-p484ktol3eg1vmqg5fume1p6y4fvhr16us4l7fx39s.jpg\" title=\"33\" alt=\"33\"><\/p>\n<h5>BOMBEIRO 3\u00aa<\/h5>\n<p>SERGII PANCHENKO<\/p>\n<p><img decoding=\"async\" src=\"https:\/\/bvlagos.pt\/gse\/wp-content\/uploads\/elementor\/thumbs\/36-p484kvk9h2imiunpugnvj1844w6lx58nj1fk5zuaxc.jpg\" title=\"36\" alt=\"36\"><\/p>\n<h5>BOMBEIRO 3\u00aa<\/h5>\n<p>JO\u00c3O ABRANTES<\/p>\n<p><img decoding=\"async\" src=\"https:\/\/bvlagos.pt\/gse\/wp-content\/uploads\/elementor\/thumbs\/40-p484kxfxuql762kzjhh4o0r1bnxccjg47aqj4jrikw.jpg\" title=\"40\" alt=\"40\"><\/p>\n<h5>BOMBEIRO 3\u00aa<\/h5>\n<p>DIANA AGUIAR<\/p>\n<p><img decoding=\"async\" src=\"https:\/\/bvlagos.pt\/gse\/wp-content\/uploads\/elementor\/thumbs\/41-p484kyds1kmhhojmdzvr8iihx1spk8jujfe0ltq4eo.jpg\" title=\"41\" alt=\"41\"><\/p>\n<h5>BOMBEIRO 3\u00aa<\/h5>\n<p>TIAGO DIAS<\/p>\n<p><img decoding=\"async\" src=\"https:\/\/bvlagos.pt\/gse\/wp-content\/uploads\/elementor\/thumbs\/42-p484kzbm8enrtai98iadt09yifo2rxnkvk1i33oq8g.jpg\" title=\"42\" alt=\"42\"><\/p>\n<h5>BOMBEIRO 3\u00aa<\/h5>\n<p>M\u00c1RIO FAUSTINO<\/p>\n<p><img decoding=\"async\" src=\"https:\/\/bvlagos.pt\/gse\/wp-content\/uploads\/elementor\/thumbs\/38-p484kwi3nwjwugmcoz2i3izkqa1z4ucdv631n9swr4.jpg\" title=\"38\" alt=\"38\"><\/p>\n<h5>BOMBEIRO 2\u00aa<\/h5>\n<p>HUGO GAMBOA<\/p>\n<p><img decoding=\"async\" src=\"https:\/\/bvlagos.pt\/gse\/wp-content\/uploads\/elementor\/thumbs\/79-p484li4e13di9hqy6qex6vj6e53f1vq7m537omwus0.jpg\" title=\"79\" alt=\"79\"><\/p>\n<h5>BOMBEIRO 3\u00aa<\/h5>\n<p>F\u00c1BIO LOPES<\/p>\n<p><img decoding=\"async\" src=\"https:\/\/bvlagos.pt\/gse\/wp-content\/uploads\/elementor\/thumbs\/46-p484l17am2qcgifixj3mxzsvp7et7bv1jtch1nlxw0.jpg\" title=\"46\" alt=\"46\"><\/p>\n<h5>BOMBEIRO 3\u00aa<\/h5>\n<p>LUIS SILVA<\/p>\n<p><img decoding=\"async\" src=\"https:\/\/bvlagos.pt\/gse\/wp-content\/uploads\/elementor\/thumbs\/49-p484l32yzqsx3qcsmjww2zbsvz5jmq2i82ng07j5jk.jpg\" title=\"49\" alt=\"49\"><\/p>\n<h5>BOMBEIRO 3\u00aa<\/h5>\n<p>MARTA LUZ<\/p>\n<p><img decoding=\"async\" src=\"https:\/\/bvlagos.pt\/gse\/wp-content\/uploads\/elementor\/thumbs\/47-p484l254swrms4e5s1i9ihkcala6f0yrvxzyixkjps.jpg\" title=\"47\" alt=\"47\"><\/p>\n<h5>BOMBEIRO 3\u00aa<\/h5>\n<p>PATRICIA SOARES<\/p>\n<p><img decoding=\"async\" src=\"https:\/\/bvlagos.pt\/gse\/wp-content\/uploads\/elementor\/thumbs\/51-p484l4yndevhqya2bkq57yuq2qwa249ywbyeyrgd74.jpg\" title=\"51\" alt=\"51\"><\/p>\n<h5>BOMBEIRO 3\u00aa<\/h5>\n<p>ANT\u00d3NIO MARREIRO<\/p>\n<p><img decoding=\"async\" src=\"https:\/\/bvlagos.pt\/gse\/wp-content\/uploads\/elementor\/thumbs\/48-p484l254swrms4e5s1i9ihkcala6f0yrvxzyixkjps.jpg\" title=\"48\" alt=\"48\"><\/p>\n<h5>BOMBEIRO 3\u00aa<\/h5>\n<p>FREDERICO CAMILO<\/p>\n<p><img decoding=\"async\" src=\"https:\/\/bvlagos.pt\/gse\/wp-content\/uploads\/elementor\/thumbs\/54-p484l6ubr2y2e67c0ljecydn9in0hihfkl9dxbdkuo.jpg\" title=\"54\" alt=\"54\"><\/p>\n<h5>BOMBEIRO 3\u00aa<\/h5>\n<p>CRISTIANO SANTOS<\/p>\n<p><img decoding=\"async\" src=\"https:\/\/bvlagos.pt\/gse\/wp-content\/uploads\/elementor\/thumbs\/50-p484l40t6ku7fcbfh2binh39hd0wuf68k7axhhhrdc.jpg\" title=\"50\" alt=\"50\"><\/p>\n<h5>BOMBEIRO 3\u00aa<\/h5>\n<p>CRISTOPHER FURTADO<\/p>\n<p><img decoding=\"async\" src=\"https:\/\/bvlagos.pt\/gse\/wp-content\/uploads\/elementor\/thumbs\/55-p484l6ubr2y2e67c0ljecydn9in0hihfkl9dxbdkuo.jpg\" title=\"55\" alt=\"55\"><\/p>\n<h5>BOMBEIRO 3\u00aa<\/h5>\n<p>F\u00c1BIO CATARINO<\/p>\n<p><img decoding=\"async\" src=\"https:\/\/bvlagos.pt\/gse\/wp-content\/uploads\/elementor\/thumbs\/67-scaled-p3si0ogmlmsasw3sgc7l1lsowsop3df5ryxc6bz5jk.jpg\" title=\"67\" alt=\"BOMBEIRO 2\u00aa\"><\/p>\n<h5>BOMBEIRO 2\u00aa<\/h5>\n<p>MARISA MARREIROS<\/p>\n<p><img decoding=\"async\" src=\"https:\/\/bvlagos.pt\/gse\/wp-content\/uploads\/elementor\/thumbs\/53-p484l5whk8ws2k8p634rsgm6o4rn9tdp8glwg1ez0w.jpg\" title=\"53\" alt=\"53\"><\/p>\n<h5>BOMBEIRO 3\u00aa<\/h5>\n<p>PAULO CARREIRO<\/p>\n<p><img decoding=\"async\" src=\"https:\/\/bvlagos.pt\/gse\/wp-content\/uploads\/elementor\/thumbs\/61-p484l9nubl1xd038k4ra2fo11o944lsmkz7ud59ec0.jpg\" title=\"61\" alt=\"61\"><\/p>\n<h5>BOMBEIRO 3\u00aa<\/h5>\n<p>BRUNO FERREIRA<\/p>\n<p><img decoding=\"async\" src=\"https:\/\/bvlagos.pt\/gse\/wp-content\/uploads\/elementor\/thumbs\/62-p484l9nubl1xd038k4ra2fo11o944lsmkz7ud59ec0.jpg\" title=\"62\" alt=\"62\"><\/p>\n<h5>BOMBEIRO 3\u00aa<\/h5>\n<p>CARMEN FERREIRA<\/p>\n<p><img decoding=\"async\" src=\"https:\/\/bvlagos.pt\/gse\/wp-content\/uploads\/elementor\/thumbs\/64-p484laloif37om1ven5wmxfhn24hcawcx3vbuf805s.jpg\" title=\"64\" alt=\"64\"><\/p>\n<h5>BOMBEIRO 3\u00aa<\/h5>\n<p>GON\u00c7ALO SANTOS<\/p>\n<p><img decoding=\"async\" src=\"https:\/\/bvlagos.pt\/gse\/wp-content\/uploads\/elementor\/thumbs\/65-p484lbjip94i080i95kj7f6y8fzuk00398itbp6lzk.jpg\" title=\"65\" alt=\"65\"><\/p>\n<h5>BOMBEIRO 3\u00aa<\/h5>\n<p>WILSON FURTADO<\/p>\n<p><img decoding=\"async\" src=\"https:\/\/bvlagos.pt\/gse\/wp-content\/uploads\/elementor\/thumbs\/67-scaled-p3si0ogmlmsasw3sgc7l1lsowsop3df5ryxc6bz5jk.jpg\" title=\"67\" alt=\"BOMBEIRO 2\u00aa\"><\/p>\n<h5>BOMBEIRO 3\u00aa<\/h5>\n<p>LIDIA BERNARDO<\/p>\n<p><img decoding=\"async\" src=\"https:\/\/bvlagos.pt\/gse\/wp-content\/uploads\/elementor\/thumbs\/69-p484lbjip94i080i95kj7f6y8fzuk00398itbp6lzk.jpg\" title=\"69\" alt=\"69\"><\/p>\n<h5>BOMBEIRO 3\u00aa<\/h5>\n<p>IVAN ODYNAK<\/p>\n<p><img decoding=\"async\" src=\"https:\/\/bvlagos.pt\/gse\/wp-content\/uploads\/elementor\/thumbs\/71-p5t9wcdqidtjc5c97sy0sdje4ys44q2kb60dj97840.jpg\" title=\"71\" alt=\"71\"><\/p>\n<h5>BOMBEIRO 3\u00aa<\/h5>\n<p>NUNO SANTOS<\/p>\n<p><img decoding=\"async\" src=\"https:\/\/bvlagos.pt\/gse\/wp-content\/uploads\/elementor\/thumbs\/72-p484lchcw35sbtz53nz5rwyettv7rp3tld6asz57tc.jpg\" title=\"72\" alt=\"72\"><\/p>\n<h5>BOMBEIRO 2\u00aa<\/h5>\n<p>DIOGO SOARES<\/p>\n<p><img decoding=\"async\" src=\"https:\/\/bvlagos.pt\/gse\/wp-content\/uploads\/elementor\/thumbs\/73-p484ldf72x72nfxry6dscepvf7qkze7jxhtsa93tn4.jpg\" title=\"73\" alt=\"73\"><\/p>\n<h5>BOMBEIRO 3\u00aa<\/h5>\n<p>CL\u00c1UDIO COSTA<\/p>\n<p><img decoding=\"async\" src=\"https:\/\/bvlagos.pt\/gse\/wp-content\/uploads\/elementor\/thumbs\/74-p484led19r8cz1wesosewwhc0lly73ba9mh9rj2fgw.jpg\" title=\"74\" alt=\"74\"><\/p>\n<h5>BOMBEIRO 3\u00aa<\/h5>\n<p>LUIS ALVITO<\/p>\n<p><img decoding=\"async\" src=\"https:\/\/bvlagos.pt\/gse\/wp-content\/uploads\/elementor\/thumbs\/82-p5t9wg539pyoml6slukj2cl8ii9kzihhnombgd1nf4.jpg\" title=\"82\" alt=\"82\"><\/p>\n<h5>BOMBEIRO 3\u00aa<\/h5>\n<p>MARIANA GIL<\/p>\n","protected":false},"excerpt":{"rendered":"<p>CORPO BOMBEIROS LAGOS COMANDO COMANDANTE M\u00c1RCIO REGINO 2\u00ba COMANDANTE GON\u00c7ALO SANTOS ADJUNTO COMANDO LUIS MARREIROS OFICIAL BOMBEIRO ANT\u00d3NIO BARRETO OFICIAL BOMBEIRO luisa monteiro CHEFE jOS\u00c9 JO\u00c3O CHEFE RUI RODRGUES CHEFE JOS\u00c9 GL\u00d3RIA SUB CHEFE RICARDO VIEIRA SUB CHEFE JORGE SANTOS&nbsp; SUB CHEFE FERNANDO DOMINGOS SUB CHEFE GUILHERME DIAS BOMBEIRO 1\u00aa HELDER OLIVEIRA BOMBEIRO 1\u00aa PEDRO &hellip;<\/p>\n<p class=\"read-more\"> <a class=\"\" href=\"https:\/\/bvlagos.pt\/gse\/corpo-ativo\/\"> <span class=\"screen-reader-text\">Corpo Ativo<\/span> Read More &raquo;<\/a><\/p>\n","protected":false},"author":1,"featured_media":0,"parent":0,"menu_order":0,"comment_status":"closed","ping_status":"closed","template":"","meta":{"footnotes":""},"class_list":["post-678","page","type-page","status-publish","hentry"],"_links":{"self":[{"href":"https:\/\/bvlagos.pt\/gse\/wp-json\/wp\/v2\/pages\/678","targetHints":{"allow":["GET"]}}],"collection":[{"href":"https:\/\/bvlagos.pt\/gse\/wp-json\/wp\/v2\/pages"}],"about":[{"href":"https:\/\/bvlagos.pt\/gse\/wp-json\/wp\/v2\/types\/page"}],"author":[{"embeddable":true,"href":"https:\/\/bvlagos.pt\/gse\/wp-json\/wp\/v2\/users\/1"}],"replies":[{"embeddable":true,"href":"https:\/\/bvlagos.pt\/gse\/wp-json\/wp\/v2\/comments?post=678"}],"version-history":[{"count":80,"href":"https:\/\/bvlagos.pt\/gse\/wp-json\/wp\/v2\/pages\/678\/revisions"}],"predecessor-version":[{"id":2012,"href":"https:\/\/bvlagos.pt\/gse\/wp-json\/wp\/v2\/pages\/678\/revisions\/2012"}],"wp:attachment":[{"href":"https:\/\/bvlagos.pt\/gse\/wp-json\/wp\/v2\/media?parent=678"}],"curies":[{"name":"wp","href":"https:\/\/api.w.org\/{rel}","templated":true}]}}