{"id":927,"date":"2021-04-16T20:58:56","date_gmt":"2021-04-16T20:58:56","guid":{"rendered":"https:\/\/bvlagos.pt\/gse\/?page_id=927"},"modified":"2021-06-19T13:16:37","modified_gmt":"2021-06-19T13:16:37","slug":"mensagem-do-presidente-da-ahbvl","status":"publish","type":"page","link":"https:\/\/bvlagos.pt\/gse\/mensagem-do-presidente-da-ahbvl\/","title":{"rendered":"Mensagem do Presidente da AHBVL"},"content":{"rendered":"\t\t<div data-elementor-type=\"wp-page\" data-elementor-id=\"927\" class=\"elementor elementor-927\" data-elementor-settings=\"[]\">\n\t\t\t\t\t\t\t<div class=\"elementor-section-wrap\">\n\t\t\t\t\t\t\t<section class=\"elementor-section elementor-top-section elementor-element elementor-element-e97c085 elementor-section-boxed elementor-section-height-default elementor-section-height-default tf-sticky-section tf-sticky-no\" data-id=\"e97c085\" data-element_type=\"section\" data-settings=\"{&quot;background_background&quot;:&quot;classic&quot;,&quot;tf_sticky&quot;:&quot;no&quot;}\">\n\t\t\t\t\t\t<div class=\"elementor-container elementor-column-gap-default\">\n\t\t\t\t\t<div class=\"elementor-column elementor-col-100 elementor-top-column elementor-element elementor-element-7e1d553\" data-id=\"7e1d553\" data-element_type=\"column\">\n\t\t\t<div class=\"elementor-widget-wrap elementor-element-populated\">\n\t\t\t\t\t\t\t\t<div class=\"elementor-element elementor-element-81b8e82 elementor-nav-menu__align-center elementor-nav-menu--indicator-none elementor-nav-menu--dropdown-none elementor-widget elementor-widget-global elementor-global-863 elementor-widget-nav-menu\" data-id=\"81b8e82\" data-element_type=\"widget\" data-settings=\"{&quot;layout&quot;:&quot;horizontal&quot;}\" data-widget_type=\"nav-menu.default\">\n\t\t\t\t<div class=\"elementor-widget-container\">\n\t\t\t\t\t\t<nav role=\"navigation\" class=\"elementor-nav-menu--main elementor-nav-menu__container elementor-nav-menu--layout-horizontal e--pointer-none\"><ul id=\"menu-1-81b8e82\" class=\"elementor-nav-menu\"><li class=\"menu-item menu-item-type-post_type menu-item-object-page menu-item-home menu-item-177\"><a href=\"https:\/\/bvlagos.pt\/gse\/\" class=\"elementor-item menu-link\">P\u00e1gina Inicial<\/a><\/li>\n<li class=\"menu-item menu-item-type-post_type menu-item-object-page menu-item-has-children menu-item-353\"><a href=\"https:\/\/bvlagos.pt\/gse\/associacao\/\" class=\"elementor-item menu-link\">Associa\u00e7\u00e3o<\/a>\n<ul class=\"sub-menu elementor-nav-menu--dropdown\">\n\t<li class=\"menu-item menu-item-type-post_type menu-item-object-page menu-item-1701\"><a href=\"https:\/\/bvlagos.pt\/gse\/assembleiageral\/\" class=\"elementor-sub-item menu-link\">Assembleia Geral<\/a><\/li>\n\t<li class=\"menu-item menu-item-type-post_type menu-item-object-page menu-item-935\"><a href=\"https:\/\/bvlagos.pt\/gse\/a-nossa-historia\/\" class=\"elementor-sub-item menu-link\">A Nossa Hist\u00f3ria<\/a><\/li>\n\t<li class=\"menu-item menu-item-type-post_type menu-item-object-page menu-item-936\"><a href=\"https:\/\/bvlagos.pt\/gse\/mensagem-do-presidente-da-ahbvl\/\" class=\"elementor-sub-item menu-link\">Mensagem do Presidente da AHBVL<\/a><\/li>\n\t<li class=\"menu-item menu-item-type-post_type menu-item-object-page menu-item-942\"><a href=\"https:\/\/bvlagos.pt\/gse\/orgaos-sociais\/\" class=\"elementor-sub-item menu-link\">Org\u00e3os Sociais<\/a><\/li>\n\t<li class=\"menu-item menu-item-type-post_type menu-item-object-page menu-item-937\"><a href=\"https:\/\/bvlagos.pt\/gse\/socios\/\" class=\"elementor-sub-item menu-link\">S\u00f3cios<\/a><\/li>\n\t<li class=\"menu-item menu-item-type-post_type menu-item-object-page menu-item-938\"><a href=\"https:\/\/bvlagos.pt\/gse\/protocolos\/\" class=\"elementor-sub-item menu-link\">Protocolos<\/a><\/li>\n\t<li class=\"menu-item menu-item-type-post_type menu-item-object-page menu-item-939\"><a href=\"https:\/\/bvlagos.pt\/gse\/estatutos\/\" class=\"elementor-sub-item menu-link\">Estatutos<\/a><\/li>\n<\/ul>\n<\/li>\n<li class=\"menu-item menu-item-type-post_type menu-item-object-page menu-item-437\"><a href=\"https:\/\/bvlagos.pt\/gse\/seccao-extintores\/\" class=\"elementor-item menu-link\">Departamento Extintores<\/a><\/li>\n<li class=\"menu-item menu-item-type-post_type menu-item-object-page menu-item-has-children menu-item-416\"><a href=\"https:\/\/bvlagos.pt\/gse\/corpo-bombeiros\/\" class=\"elementor-item menu-link\">Corpo Bombeiros<\/a>\n<ul class=\"sub-menu elementor-nav-menu--dropdown\">\n\t<li class=\"menu-item menu-item-type-post_type menu-item-object-page menu-item-417\"><a href=\"https:\/\/bvlagos.pt\/gse\/mensagem-do-comandante\/\" class=\"elementor-sub-item menu-link\">Mensagem do Comandante<\/a><\/li>\n\t<li class=\"menu-item menu-item-type-custom menu-item-object-custom menu-item-home menu-item-2775\"><a href=\"https:\/\/bvlagos.pt\/gse\/\" class=\"elementor-sub-item menu-link\">GSE Grupo Salvamentos Especiais<\/a><\/li>\n\t<li class=\"menu-item menu-item-type-post_type menu-item-object-page menu-item-1924\"><a href=\"https:\/\/bvlagos.pt\/gse\/cursoinicialbombeiro\/\" class=\"elementor-sub-item menu-link\">Curso Inicial Bombeiro<\/a><\/li>\n\t<li class=\"menu-item menu-item-type-post_type menu-item-object-page menu-item-1368\"><a href=\"https:\/\/bvlagos.pt\/gse\/area-privada\/\" class=\"elementor-sub-item menu-link\">Area Privada<\/a><\/li>\n\t<li class=\"menu-item menu-item-type-post_type menu-item-object-page menu-item-2045\"><a href=\"https:\/\/bvlagos.pt\/gse\/area-privada\/folhas-de-registo\/\" class=\"elementor-sub-item menu-link\">FOLHAS DE REGISTO<\/a><\/li>\n\t<li class=\"menu-item menu-item-type-post_type menu-item-object-page menu-item-969\"><a href=\"https:\/\/bvlagos.pt\/gse\/veiculos-operacionais\/\" class=\"elementor-sub-item menu-link\">Ve\u00edculos Operacionais<\/a><\/li>\n\t<li class=\"menu-item menu-item-type-post_type menu-item-object-page menu-item-971\"><a href=\"https:\/\/bvlagos.pt\/gse\/instalacoes\/\" class=\"elementor-sub-item menu-link\">Instala\u00e7\u00f5es<\/a><\/li>\n<\/ul>\n<\/li>\n<li class=\"menu-item menu-item-type-post_type menu-item-object-page menu-item-has-children menu-item-2563\"><a href=\"https:\/\/bvlagos.pt\/gse\/formacao-externa\/formacao\/\" class=\"elementor-item menu-link\">Forma\u00e7\u00e3o<\/a>\n<ul class=\"sub-menu elementor-nav-menu--dropdown\">\n\t<li class=\"menu-item menu-item-type-post_type menu-item-object-page menu-item-176\"><a href=\"https:\/\/bvlagos.pt\/gse\/formacao-externa\/\" class=\"elementor-sub-item menu-link\">Forma\u00e7\u00e3o Empresas<\/a><\/li>\n\t<li class=\"menu-item menu-item-type-custom menu-item-object-custom menu-item-2682\"><a href=\"https:\/\/bvlagos.pt\/eps\/lagos\/\" class=\"elementor-sub-item menu-link\">Forma\u00e7\u00e3o Escola Portuguesa Salvamento<\/a><\/li>\n<\/ul>\n<\/li>\n<li class=\"menu-item menu-item-type-post_type menu-item-object-page menu-item-has-children menu-item-922\"><a href=\"https:\/\/bvlagos.pt\/gse\/servicos-prestados-pelo-cb\/\" class=\"elementor-item menu-link\">Servi\u00e7os Prestados pelo CB<\/a>\n<ul class=\"sub-menu elementor-nav-menu--dropdown\">\n\t<li class=\"menu-item menu-item-type-post_type menu-item-object-page menu-item-984\"><a href=\"https:\/\/bvlagos.pt\/gse\/assistencia-medica-a-eventos\/\" class=\"elementor-sub-item menu-link\">Assist\u00eancia T\u00e9cnica a Eventos<\/a><\/li>\n\t<li class=\"menu-item menu-item-type-post_type menu-item-object-page menu-item-983\"><a href=\"https:\/\/bvlagos.pt\/gse\/prevencao-de-incendios-a-eventos\/\" class=\"elementor-sub-item menu-link\">Preven\u00e7\u00e3o de Inc\u00eandios e Eventos<\/a><\/li>\n\t<li class=\"menu-item menu-item-type-post_type menu-item-object-page menu-item-982\"><a href=\"https:\/\/bvlagos.pt\/gse\/organizacao-e-avaliacao-de-simulacros\/\" class=\"elementor-sub-item menu-link\">Organiza\u00e7\u00e3o e Avalia\u00e7\u00e3o de Simulacros<\/a><\/li>\n\t<li class=\"menu-item menu-item-type-post_type menu-item-object-page menu-item-981\"><a href=\"https:\/\/bvlagos.pt\/gse\/transporte-de-agua\/\" class=\"elementor-sub-item menu-link\">Transporte de \u00c1gua<\/a><\/li>\n<\/ul>\n<\/li>\n<li class=\"menu-item menu-item-type-post_type menu-item-object-page menu-item-2677\"><a href=\"https:\/\/bvlagos.pt\/gse\/merchandising\/\" class=\"elementor-item menu-link\">MERCHANDISING<\/a><\/li>\n<li class=\"menu-item menu-item-type-post_type menu-item-object-page menu-item-923\"><a href=\"https:\/\/bvlagos.pt\/gse\/contatos\/\" class=\"elementor-item menu-link\">Contatos<\/a><\/li>\n<\/ul><\/nav>\n\t\t\t\t\t<div class=\"elementor-menu-toggle\" role=\"button\" tabindex=\"0\" aria-label=\"Menu Toggle\" aria-expanded=\"false\">\n\t\t\t<i class=\"eicon-menu-bar\" aria-hidden=\"true\"><\/i>\n\t\t\t<span class=\"elementor-screen-only\">Menu<\/span>\n\t\t<\/div>\n\t\t\t<nav class=\"elementor-nav-menu--dropdown elementor-nav-menu__container\" role=\"navigation\" aria-hidden=\"true\"><ul id=\"menu-2-81b8e82\" class=\"elementor-nav-menu\"><li class=\"menu-item menu-item-type-post_type menu-item-object-page menu-item-home menu-item-177\"><a href=\"https:\/\/bvlagos.pt\/gse\/\" class=\"elementor-item menu-link\">P\u00e1gina Inicial<\/a><\/li>\n<li class=\"menu-item menu-item-type-post_type menu-item-object-page menu-item-has-children menu-item-353\"><a href=\"https:\/\/bvlagos.pt\/gse\/associacao\/\" class=\"elementor-item menu-link\">Associa\u00e7\u00e3o<\/a>\n<ul class=\"sub-menu elementor-nav-menu--dropdown\">\n\t<li class=\"menu-item menu-item-type-post_type menu-item-object-page menu-item-1701\"><a href=\"https:\/\/bvlagos.pt\/gse\/assembleiageral\/\" class=\"elementor-sub-item menu-link\">Assembleia Geral<\/a><\/li>\n\t<li class=\"menu-item menu-item-type-post_type menu-item-object-page menu-item-935\"><a href=\"https:\/\/bvlagos.pt\/gse\/a-nossa-historia\/\" class=\"elementor-sub-item menu-link\">A Nossa Hist\u00f3ria<\/a><\/li>\n\t<li class=\"menu-item menu-item-type-post_type menu-item-object-page menu-item-936\"><a href=\"https:\/\/bvlagos.pt\/gse\/mensagem-do-presidente-da-ahbvl\/\" class=\"elementor-sub-item menu-link\">Mensagem do Presidente da AHBVL<\/a><\/li>\n\t<li class=\"menu-item menu-item-type-post_type menu-item-object-page menu-item-942\"><a href=\"https:\/\/bvlagos.pt\/gse\/orgaos-sociais\/\" class=\"elementor-sub-item menu-link\">Org\u00e3os Sociais<\/a><\/li>\n\t<li class=\"menu-item menu-item-type-post_type menu-item-object-page menu-item-937\"><a href=\"https:\/\/bvlagos.pt\/gse\/socios\/\" class=\"elementor-sub-item menu-link\">S\u00f3cios<\/a><\/li>\n\t<li class=\"menu-item menu-item-type-post_type menu-item-object-page menu-item-938\"><a href=\"https:\/\/bvlagos.pt\/gse\/protocolos\/\" class=\"elementor-sub-item menu-link\">Protocolos<\/a><\/li>\n\t<li class=\"menu-item menu-item-type-post_type menu-item-object-page menu-item-939\"><a href=\"https:\/\/bvlagos.pt\/gse\/estatutos\/\" class=\"elementor-sub-item menu-link\">Estatutos<\/a><\/li>\n<\/ul>\n<\/li>\n<li class=\"menu-item menu-item-type-post_type menu-item-object-page menu-item-437\"><a href=\"https:\/\/bvlagos.pt\/gse\/seccao-extintores\/\" class=\"elementor-item menu-link\">Departamento Extintores<\/a><\/li>\n<li class=\"menu-item menu-item-type-post_type menu-item-object-page menu-item-has-children menu-item-416\"><a href=\"https:\/\/bvlagos.pt\/gse\/corpo-bombeiros\/\" class=\"elementor-item menu-link\">Corpo Bombeiros<\/a>\n<ul class=\"sub-menu elementor-nav-menu--dropdown\">\n\t<li class=\"menu-item menu-item-type-post_type menu-item-object-page menu-item-417\"><a href=\"https:\/\/bvlagos.pt\/gse\/mensagem-do-comandante\/\" class=\"elementor-sub-item menu-link\">Mensagem do Comandante<\/a><\/li>\n\t<li class=\"menu-item menu-item-type-custom menu-item-object-custom menu-item-home menu-item-2775\"><a href=\"https:\/\/bvlagos.pt\/gse\/\" class=\"elementor-sub-item menu-link\">GSE Grupo Salvamentos Especiais<\/a><\/li>\n\t<li class=\"menu-item menu-item-type-post_type menu-item-object-page menu-item-1924\"><a href=\"https:\/\/bvlagos.pt\/gse\/cursoinicialbombeiro\/\" class=\"elementor-sub-item menu-link\">Curso Inicial Bombeiro<\/a><\/li>\n\t<li class=\"menu-item menu-item-type-post_type menu-item-object-page menu-item-1368\"><a href=\"https:\/\/bvlagos.pt\/gse\/area-privada\/\" class=\"elementor-sub-item menu-link\">Area Privada<\/a><\/li>\n\t<li class=\"menu-item menu-item-type-post_type menu-item-object-page menu-item-2045\"><a href=\"https:\/\/bvlagos.pt\/gse\/area-privada\/folhas-de-registo\/\" class=\"elementor-sub-item menu-link\">FOLHAS DE REGISTO<\/a><\/li>\n\t<li class=\"menu-item menu-item-type-post_type menu-item-object-page menu-item-969\"><a href=\"https:\/\/bvlagos.pt\/gse\/veiculos-operacionais\/\" class=\"elementor-sub-item menu-link\">Ve\u00edculos Operacionais<\/a><\/li>\n\t<li class=\"menu-item menu-item-type-post_type menu-item-object-page menu-item-971\"><a href=\"https:\/\/bvlagos.pt\/gse\/instalacoes\/\" class=\"elementor-sub-item menu-link\">Instala\u00e7\u00f5es<\/a><\/li>\n<\/ul>\n<\/li>\n<li class=\"menu-item menu-item-type-post_type menu-item-object-page menu-item-has-children menu-item-2563\"><a href=\"https:\/\/bvlagos.pt\/gse\/formacao-externa\/formacao\/\" class=\"elementor-item menu-link\">Forma\u00e7\u00e3o<\/a>\n<ul class=\"sub-menu elementor-nav-menu--dropdown\">\n\t<li class=\"menu-item menu-item-type-post_type menu-item-object-page menu-item-176\"><a href=\"https:\/\/bvlagos.pt\/gse\/formacao-externa\/\" class=\"elementor-sub-item menu-link\">Forma\u00e7\u00e3o Empresas<\/a><\/li>\n\t<li class=\"menu-item menu-item-type-custom menu-item-object-custom menu-item-2682\"><a href=\"https:\/\/bvlagos.pt\/eps\/lagos\/\" class=\"elementor-sub-item menu-link\">Forma\u00e7\u00e3o Escola Portuguesa Salvamento<\/a><\/li>\n<\/ul>\n<\/li>\n<li class=\"menu-item menu-item-type-post_type menu-item-object-page menu-item-has-children menu-item-922\"><a href=\"https:\/\/bvlagos.pt\/gse\/servicos-prestados-pelo-cb\/\" class=\"elementor-item menu-link\">Servi\u00e7os Prestados pelo CB<\/a>\n<ul class=\"sub-menu elementor-nav-menu--dropdown\">\n\t<li class=\"menu-item menu-item-type-post_type menu-item-object-page menu-item-984\"><a href=\"https:\/\/bvlagos.pt\/gse\/assistencia-medica-a-eventos\/\" class=\"elementor-sub-item menu-link\">Assist\u00eancia T\u00e9cnica a Eventos<\/a><\/li>\n\t<li class=\"menu-item menu-item-type-post_type menu-item-object-page menu-item-983\"><a href=\"https:\/\/bvlagos.pt\/gse\/prevencao-de-incendios-a-eventos\/\" class=\"elementor-sub-item menu-link\">Preven\u00e7\u00e3o de Inc\u00eandios e Eventos<\/a><\/li>\n\t<li class=\"menu-item menu-item-type-post_type menu-item-object-page menu-item-982\"><a href=\"https:\/\/bvlagos.pt\/gse\/organizacao-e-avaliacao-de-simulacros\/\" class=\"elementor-sub-item menu-link\">Organiza\u00e7\u00e3o e Avalia\u00e7\u00e3o de Simulacros<\/a><\/li>\n\t<li class=\"menu-item menu-item-type-post_type menu-item-object-page menu-item-981\"><a href=\"https:\/\/bvlagos.pt\/gse\/transporte-de-agua\/\" class=\"elementor-sub-item menu-link\">Transporte de \u00c1gua<\/a><\/li>\n<\/ul>\n<\/li>\n<li class=\"menu-item menu-item-type-post_type menu-item-object-page menu-item-2677\"><a href=\"https:\/\/bvlagos.pt\/gse\/merchandising\/\" class=\"elementor-item menu-link\">MERCHANDISING<\/a><\/li>\n<li class=\"menu-item menu-item-type-post_type menu-item-object-page menu-item-923\"><a href=\"https:\/\/bvlagos.pt\/gse\/contatos\/\" class=\"elementor-item menu-link\">Contatos<\/a><\/li>\n<\/ul><\/nav>\n\t\t\t\t<\/div>\n\t\t\t\t<\/div>\n\t\t\t\t\t<\/div>\n\t\t<\/div>\n\t\t\t\t\t\t\t<\/div>\n\t\t<\/section>\n\t\t\t\t<section class=\"elementor-section elementor-top-section elementor-element elementor-element-b2c9e00 elementor-section-stretched elementor-section-content-middle elementor-section-boxed elementor-section-height-default elementor-section-height-default tf-sticky-section tf-sticky-no\" data-id=\"b2c9e00\" data-element_type=\"section\" data-settings=\"{&quot;stretch_section&quot;:&quot;section-stretched&quot;,&quot;background_background&quot;:&quot;slideshow&quot;,&quot;tf_sticky&quot;:&quot;no&quot;,&quot;background_slideshow_gallery&quot;:[],&quot;background_slideshow_loop&quot;:&quot;yes&quot;,&quot;background_slideshow_slide_duration&quot;:5000,&quot;background_slideshow_slide_transition&quot;:&quot;fade&quot;,&quot;background_slideshow_transition_duration&quot;:500}\">\n\t\t\t\t\t\t\t<div class=\"elementor-background-overlay\"><\/div>\n\t\t\t\t\t\t\t<div class=\"elementor-container elementor-column-gap-default\">\n\t\t\t\t\t<div class=\"elementor-column elementor-col-100 elementor-top-column elementor-element elementor-element-3b3aed90\" data-id=\"3b3aed90\" data-element_type=\"column\">\n\t\t\t<div class=\"elementor-widget-wrap elementor-element-populated\">\n\t\t\t\t\t\t\t\t<section class=\"elementor-section elementor-inner-section elementor-element elementor-element-86b461d elementor-section-content-middle elementor-section-boxed elementor-section-height-default elementor-section-height-default tf-sticky-section tf-sticky-no\" data-id=\"86b461d\" data-element_type=\"section\" data-settings=\"{&quot;tf_sticky&quot;:&quot;no&quot;}\">\n\t\t\t\t\t\t<div class=\"elementor-container elementor-column-gap-default\">\n\t\t\t\t\t<div class=\"elementor-column elementor-col-50 elementor-inner-column elementor-element elementor-element-76b0d9e5\" data-id=\"76b0d9e5\" data-element_type=\"column\">\n\t\t\t<div class=\"elementor-widget-wrap elementor-element-populated\">\n\t\t\t\t\t\t\t\t<div class=\"elementor-element elementor-element-6485df60 elementor-widget elementor-widget-image\" data-id=\"6485df60\" data-element_type=\"widget\" data-widget_type=\"image.default\">\n\t\t\t\t<div class=\"elementor-widget-container\">\n\t\t\t\t\t\t\t\t\t\t\t\t\t\t\t<img loading=\"lazy\" decoding=\"async\" width=\"225\" height=\"300\" src=\"https:\/\/bvlagos.pt\/gse\/wp-content\/uploads\/2021\/02\/Paulo-Morgado-225x300.jpg\" class=\"attachment-medium size-medium\" alt=\"\" srcset=\"https:\/\/bvlagos.pt\/gse\/wp-content\/uploads\/2021\/02\/Paulo-Morgado-225x300.jpg 225w, https:\/\/bvlagos.pt\/gse\/wp-content\/uploads\/2021\/02\/Paulo-Morgado.jpg 283w\" sizes=\"auto, (max-width: 225px) 100vw, 225px\" \/>\t\t\t\t\t\t\t\t\t\t\t\t\t\t\t<\/div>\n\t\t\t\t<\/div>\n\t\t\t\t<div class=\"elementor-element elementor-element-7c471537 elementor-widget elementor-widget-heading\" data-id=\"7c471537\" data-element_type=\"widget\" data-widget_type=\"heading.default\">\n\t\t\t\t<div class=\"elementor-widget-container\">\n\t\t\t<h3 class=\"elementor-heading-title elementor-size-default\">Paulo Morgado <\/h3>\t\t<\/div>\n\t\t\t\t<\/div>\n\t\t\t\t<div class=\"elementor-element elementor-element-5afbfabf elementor-widget elementor-widget-heading\" data-id=\"5afbfabf\" data-element_type=\"widget\" data-widget_type=\"heading.default\">\n\t\t\t\t<div class=\"elementor-widget-container\">\n\t\t\t<h2 class=\"elementor-heading-title elementor-size-default\">PRESIDENTE DIRE\u00c7\u00c3O<\/h2>\t\t<\/div>\n\t\t\t\t<\/div>\n\t\t\t\t<div class=\"elementor-element elementor-element-c858350 elementor-shape-rounded elementor-grid-0 e-grid-align-center elementor-widget elementor-widget-social-icons\" data-id=\"c858350\" data-element_type=\"widget\" data-widget_type=\"social-icons.default\">\n\t\t\t\t<div class=\"elementor-widget-container\">\n\t\t\t\t\t<div class=\"elementor-social-icons-wrapper elementor-grid\">\n\t\t\t\t\t\t\t<div class=\"elementor-grid-item\">\n\t\t\t\t\t<a class=\"elementor-icon elementor-social-icon elementor-social-icon-facebook-f elementor-repeater-item-bfc4263\" href=\"https:\/\/www.facebook.com\/bombeiroslagos\" target=\"_blank\">\n\t\t\t\t\t\t<span class=\"elementor-screen-only\">Facebook-f<\/span>\n\t\t\t\t\t\t<i class=\"fab fa-facebook-f\"><\/i>\t\t\t\t\t<\/a>\n\t\t\t\t<\/div>\n\t\t\t\t\t\t\t<div class=\"elementor-grid-item\">\n\t\t\t\t\t<a class=\"elementor-icon elementor-social-icon elementor-social-icon-instagram elementor-repeater-item-3a846d3\" href=\"http:\/\/www.instagram.com\/bvlagos\" target=\"_blank\">\n\t\t\t\t\t\t<span class=\"elementor-screen-only\">Instagram<\/span>\n\t\t\t\t\t\t<i class=\"fab fa-instagram\"><\/i>\t\t\t\t\t<\/a>\n\t\t\t\t<\/div>\n\t\t\t\t\t<\/div>\n\t\t\t\t<\/div>\n\t\t\t\t<\/div>\n\t\t\t\t<div class=\"elementor-element elementor-element-323fd673 elementor-align-center elementor-invisible elementor-widget elementor-widget-button\" data-id=\"323fd673\" data-element_type=\"widget\" data-settings=\"{&quot;_animation&quot;:&quot;bounceInUp&quot;}\" data-widget_type=\"button.default\">\n\t\t\t\t<div class=\"elementor-widget-container\">\n\t\t\t\t\t<div class=\"elementor-button-wrapper\">\n\t\t\t<a href=\"#\" class=\"elementor-button-link elementor-button elementor-size-sm\" role=\"button\">\n\t\t\t\t\t\t<span class=\"elementor-button-content-wrapper\">\n\t\t\t\t\t\t<span class=\"elementor-button-text\">Corpo Bombeiros Lagos<\/span>\n\t\t<\/span>\n\t\t\t\t\t<\/a>\n\t\t<\/div>\n\t\t\t\t<\/div>\n\t\t\t\t<\/div>\n\t\t\t\t\t<\/div>\n\t\t<\/div>\n\t\t\t\t<div class=\"elementor-column elementor-col-50 elementor-inner-column elementor-element elementor-element-63a96fd6\" data-id=\"63a96fd6\" data-element_type=\"column\">\n\t\t\t<div class=\"elementor-widget-wrap elementor-element-populated\">\n\t\t\t\t\t\t\t\t<div class=\"elementor-element elementor-element-40de5753 elementor-widget elementor-widget-text-editor\" data-id=\"40de5753\" data-element_type=\"widget\" data-widget_type=\"text-editor.default\">\n\t\t\t\t<div class=\"elementor-widget-container\">\n\t\t\t\t\t\t\t\t<p class=\"MsoNormal\"><span style=\"font-size: 13.5pt; line-height: 107%; font-family: Helvetica, sans-serif; color: black; background-image: initial; background-position: initial; background-size: initial; background-repeat: initial; background-attachment: initial; background-origin: initial; background-clip: initial;\">Enfrentamos atualmente um enorme desafio, assim como toda a humanidade, a situa\u00e7\u00e3o pand\u00e9mica a n\u00edvel mundial veio evidenciar o importante papel que os Bombeiros prestam diariamente a toda a popula\u00e7\u00e3o.<\/span><\/p><p class=\"MsoNormal\"><span style=\"font-size: 13.5pt; line-height: 107%; font-family: Helvetica, sans-serif; color: black; background-image: initial; background-position: initial; background-size: initial; background-repeat: initial; background-attachment: initial; background-origin: initial; background-clip: initial;\">Um desafio enorme de estarmos presentes desde o primeiro dia na linha da frente para lidar com esta situa\u00e7\u00e3o pand\u00e9mica, a qual conjuntamente com todas as outras situa\u00e7\u00f5es que n\u00e3o deixaram de existir como os inc\u00eandios, acidentes etc.. vieram demostrar que a uni\u00e3o de todos mant\u00eam a efici\u00eancia e prontid\u00e3o para acorrer a todas as situa\u00e7\u00f5es com que nos temos deparado nestes \u00faltimos tempos.<\/span><\/p><p class=\"MsoNormal\"><span style=\"font-size: 13.5pt; line-height: 107%; font-family: Helvetica, sans-serif; color: black; background-image: initial; background-position: initial; background-size: initial; background-repeat: initial; background-attachment: initial; background-origin: initial; background-clip: initial;\">Os Homens e Mulheres do Corpo de Bombeiros desta Associa\u00e7\u00e3o, provaram no terreno a sua coragem, abnega\u00e7\u00e3o e resili\u00eancia, que quero deste modo enaltecer e elogiar.<\/span><\/p><p style=\"margin-bottom: 10px; color: #777777; font-family: 'Open Sans', Helvetica, Arial, Verdana, sans-serif; font-size: 14px; font-style: normal; font-weight: 400; text-align: justify;\">\u00a0<\/p><p class=\"MsoNormal\"><span style=\"font-size: 13.5pt; line-height: 107%; font-family: Helvetica, sans-serif; color: black; background-image: initial; background-position: initial; background-size: initial; background-repeat: initial; background-attachment: initial; background-origin: initial; background-clip: initial;\">N\u00e3o ser\u00e3o mais f\u00e1ceis os pr\u00f3ximos tempos, e estamos prontos para continuar a apoiar o nosso Corpo de Bombeiros nas suas mais diversas miss\u00f5es. \u00a0<\/span><\/p>\t\t\t\t\t\t<\/div>\n\t\t\t\t<\/div>\n\t\t\t\t\t<\/div>\n\t\t<\/div>\n\t\t\t\t\t\t\t<\/div>\n\t\t<\/section>\n\t\t\t\t\t<\/div>\n\t\t<\/div>\n\t\t\t\t\t\t\t<\/div>\n\t\t<\/section>\n\t\t\t\t\t\t<\/div>\n\t\t\t\t\t<\/div>\n\t\t","protected":false},"excerpt":{"rendered":"<p>Paulo Morgado PRESIDENTE DIRE\u00c7\u00c3O Facebook-f Instagram Corpo Bombeiros Lagos Enfrentamos atualmente um enorme desafio, assim como toda a humanidade, a situa\u00e7\u00e3o pand\u00e9mica a n\u00edvel mundial veio evidenciar o importante papel que os Bombeiros prestam diariamente a toda a popula\u00e7\u00e3o. Um desafio enorme de estarmos presentes desde o primeiro dia na linha da frente para lidar &hellip;<\/p>\n<p class=\"read-more\"> <a class=\"\" href=\"https:\/\/bvlagos.pt\/gse\/mensagem-do-presidente-da-ahbvl\/\"> <span class=\"screen-reader-text\">Mensagem do Presidente da AHBVL<\/span> Read More &raquo;<\/a><\/p>\n","protected":false},"author":1,"featured_media":0,"parent":0,"menu_order":0,"comment_status":"closed","ping_status":"closed","template":"","meta":{"footnotes":""},"class_list":["post-927","page","type-page","status-publish","hentry"],"_links":{"self":[{"href":"https:\/\/bvlagos.pt\/gse\/wp-json\/wp\/v2\/pages\/927","targetHints":{"allow":["GET"]}}],"collection":[{"href":"https:\/\/bvlagos.pt\/gse\/wp-json\/wp\/v2\/pages"}],"about":[{"href":"https:\/\/bvlagos.pt\/gse\/wp-json\/wp\/v2\/types\/page"}],"author":[{"embeddable":true,"href":"https:\/\/bvlagos.pt\/gse\/wp-json\/wp\/v2\/users\/1"}],"replies":[{"embeddable":true,"href":"https:\/\/bvlagos.pt\/gse\/wp-json\/wp\/v2\/comments?post=927"}],"version-history":[{"count":14,"href":"https:\/\/bvlagos.pt\/gse\/wp-json\/wp\/v2\/pages\/927\/revisions"}],"predecessor-version":[{"id":1515,"href":"https:\/\/bvlagos.pt\/gse\/wp-json\/wp\/v2\/pages\/927\/revisions\/1515"}],"wp:attachment":[{"href":"https:\/\/bvlagos.pt\/gse\/wp-json\/wp\/v2\/media?parent=927"}],"curies":[{"name":"wp","href":"https:\/\/api.w.org\/{rel}","templated":true}]}}