{"id":931,"date":"2021-04-16T20:59:41","date_gmt":"2021-04-16T20:59:41","guid":{"rendered":"https:\/\/bvlagos.pt\/gse\/?page_id=931"},"modified":"2024-01-25T10:25:34","modified_gmt":"2024-01-25T10:25:34","slug":"protocolos","status":"publish","type":"page","link":"https:\/\/bvlagos.pt\/gse\/protocolos\/","title":{"rendered":"Protocolos"},"content":{"rendered":"\t\t<div data-elementor-type=\"wp-page\" data-elementor-id=\"931\" class=\"elementor elementor-931\" data-elementor-settings=\"[]\">\n\t\t\t\t\t\t\t<div class=\"elementor-section-wrap\">\n\t\t\t\t\t\t\t<section class=\"elementor-section elementor-top-section elementor-element elementor-element-d1ab4a3 elementor-section-boxed elementor-section-height-default elementor-section-height-default tf-sticky-section tf-sticky-no\" data-id=\"d1ab4a3\" data-element_type=\"section\" data-settings=\"{&quot;background_background&quot;:&quot;classic&quot;,&quot;tf_sticky&quot;:&quot;no&quot;}\">\n\t\t\t\t\t\t<div class=\"elementor-container elementor-column-gap-default\">\n\t\t\t\t\t<div class=\"elementor-column elementor-col-100 elementor-top-column elementor-element elementor-element-2d53a52\" data-id=\"2d53a52\" data-element_type=\"column\">\n\t\t\t<div class=\"elementor-widget-wrap elementor-element-populated\">\n\t\t\t\t\t\t\t\t<div class=\"elementor-element elementor-element-7f593d0 elementor-nav-menu__align-center elementor-nav-menu--indicator-none elementor-nav-menu--dropdown-none elementor-widget elementor-widget-global elementor-global-863 elementor-widget-nav-menu\" data-id=\"7f593d0\" data-element_type=\"widget\" data-settings=\"{&quot;layout&quot;:&quot;horizontal&quot;}\" data-widget_type=\"nav-menu.default\">\n\t\t\t\t<div class=\"elementor-widget-container\">\n\t\t\t\t\t\t<nav role=\"navigation\" class=\"elementor-nav-menu--main elementor-nav-menu__container elementor-nav-menu--layout-horizontal e--pointer-none\"><ul id=\"menu-1-7f593d0\" class=\"elementor-nav-menu\"><li class=\"menu-item menu-item-type-post_type menu-item-object-page menu-item-home menu-item-177\"><a href=\"https:\/\/bvlagos.pt\/gse\/\" class=\"elementor-item menu-link\">P\u00e1gina Inicial<\/a><\/li>\n<li class=\"menu-item menu-item-type-post_type menu-item-object-page menu-item-has-children menu-item-353\"><a href=\"https:\/\/bvlagos.pt\/gse\/associacao\/\" class=\"elementor-item menu-link\">Associa\u00e7\u00e3o<\/a>\n<ul class=\"sub-menu elementor-nav-menu--dropdown\">\n\t<li class=\"menu-item menu-item-type-post_type menu-item-object-page menu-item-1701\"><a href=\"https:\/\/bvlagos.pt\/gse\/assembleiageral\/\" class=\"elementor-sub-item menu-link\">Assembleia Geral<\/a><\/li>\n\t<li class=\"menu-item menu-item-type-post_type menu-item-object-page menu-item-935\"><a href=\"https:\/\/bvlagos.pt\/gse\/a-nossa-historia\/\" class=\"elementor-sub-item menu-link\">A Nossa Hist\u00f3ria<\/a><\/li>\n\t<li class=\"menu-item menu-item-type-post_type menu-item-object-page menu-item-936\"><a href=\"https:\/\/bvlagos.pt\/gse\/mensagem-do-presidente-da-ahbvl\/\" class=\"elementor-sub-item menu-link\">Mensagem do Presidente da AHBVL<\/a><\/li>\n\t<li class=\"menu-item menu-item-type-post_type menu-item-object-page menu-item-942\"><a href=\"https:\/\/bvlagos.pt\/gse\/orgaos-sociais\/\" class=\"elementor-sub-item menu-link\">Org\u00e3os Sociais<\/a><\/li>\n\t<li class=\"menu-item menu-item-type-post_type menu-item-object-page menu-item-937\"><a href=\"https:\/\/bvlagos.pt\/gse\/socios\/\" class=\"elementor-sub-item menu-link\">S\u00f3cios<\/a><\/li>\n\t<li class=\"menu-item menu-item-type-post_type menu-item-object-page menu-item-938\"><a href=\"https:\/\/bvlagos.pt\/gse\/protocolos\/\" class=\"elementor-sub-item menu-link\">Protocolos<\/a><\/li>\n\t<li class=\"menu-item menu-item-type-post_type menu-item-object-page menu-item-939\"><a href=\"https:\/\/bvlagos.pt\/gse\/estatutos\/\" class=\"elementor-sub-item menu-link\">Estatutos<\/a><\/li>\n<\/ul>\n<\/li>\n<li class=\"menu-item menu-item-type-post_type menu-item-object-page menu-item-437\"><a href=\"https:\/\/bvlagos.pt\/gse\/seccao-extintores\/\" class=\"elementor-item menu-link\">Departamento Extintores<\/a><\/li>\n<li class=\"menu-item menu-item-type-post_type menu-item-object-page menu-item-has-children menu-item-416\"><a href=\"https:\/\/bvlagos.pt\/gse\/corpo-bombeiros\/\" class=\"elementor-item menu-link\">Corpo Bombeiros<\/a>\n<ul class=\"sub-menu elementor-nav-menu--dropdown\">\n\t<li class=\"menu-item menu-item-type-post_type menu-item-object-page menu-item-417\"><a href=\"https:\/\/bvlagos.pt\/gse\/mensagem-do-comandante\/\" class=\"elementor-sub-item menu-link\">Mensagem do Comandante<\/a><\/li>\n\t<li class=\"menu-item menu-item-type-custom menu-item-object-custom menu-item-home menu-item-2775\"><a href=\"https:\/\/bvlagos.pt\/gse\/\" class=\"elementor-sub-item menu-link\">GSE Grupo Salvamentos Especiais<\/a><\/li>\n\t<li class=\"menu-item menu-item-type-post_type menu-item-object-page menu-item-1924\"><a href=\"https:\/\/bvlagos.pt\/gse\/cursoinicialbombeiro\/\" class=\"elementor-sub-item menu-link\">Curso Inicial Bombeiro<\/a><\/li>\n\t<li class=\"menu-item menu-item-type-post_type menu-item-object-page menu-item-1368\"><a href=\"https:\/\/bvlagos.pt\/gse\/area-privada\/\" class=\"elementor-sub-item menu-link\">Area Privada<\/a><\/li>\n\t<li class=\"menu-item menu-item-type-post_type menu-item-object-page menu-item-2045\"><a href=\"https:\/\/bvlagos.pt\/gse\/area-privada\/folhas-de-registo\/\" class=\"elementor-sub-item menu-link\">FOLHAS DE REGISTO<\/a><\/li>\n\t<li class=\"menu-item menu-item-type-post_type menu-item-object-page menu-item-969\"><a href=\"https:\/\/bvlagos.pt\/gse\/veiculos-operacionais\/\" class=\"elementor-sub-item menu-link\">Ve\u00edculos Operacionais<\/a><\/li>\n\t<li class=\"menu-item menu-item-type-post_type menu-item-object-page menu-item-971\"><a href=\"https:\/\/bvlagos.pt\/gse\/instalacoes\/\" class=\"elementor-sub-item menu-link\">Instala\u00e7\u00f5es<\/a><\/li>\n<\/ul>\n<\/li>\n<li class=\"menu-item menu-item-type-post_type menu-item-object-page menu-item-has-children menu-item-2563\"><a href=\"https:\/\/bvlagos.pt\/gse\/formacao-externa\/formacao\/\" class=\"elementor-item menu-link\">Forma\u00e7\u00e3o<\/a>\n<ul class=\"sub-menu elementor-nav-menu--dropdown\">\n\t<li class=\"menu-item menu-item-type-post_type menu-item-object-page menu-item-176\"><a href=\"https:\/\/bvlagos.pt\/gse\/formacao-externa\/\" class=\"elementor-sub-item menu-link\">Forma\u00e7\u00e3o Empresas<\/a><\/li>\n\t<li class=\"menu-item menu-item-type-custom menu-item-object-custom menu-item-2682\"><a href=\"https:\/\/bvlagos.pt\/eps\/lagos\/\" class=\"elementor-sub-item menu-link\">Forma\u00e7\u00e3o Escola Portuguesa Salvamento<\/a><\/li>\n<\/ul>\n<\/li>\n<li class=\"menu-item menu-item-type-post_type menu-item-object-page menu-item-has-children menu-item-922\"><a href=\"https:\/\/bvlagos.pt\/gse\/servicos-prestados-pelo-cb\/\" class=\"elementor-item menu-link\">Servi\u00e7os Prestados pelo CB<\/a>\n<ul class=\"sub-menu elementor-nav-menu--dropdown\">\n\t<li class=\"menu-item menu-item-type-post_type menu-item-object-page menu-item-984\"><a href=\"https:\/\/bvlagos.pt\/gse\/assistencia-medica-a-eventos\/\" class=\"elementor-sub-item menu-link\">Assist\u00eancia T\u00e9cnica a Eventos<\/a><\/li>\n\t<li class=\"menu-item menu-item-type-post_type menu-item-object-page menu-item-983\"><a href=\"https:\/\/bvlagos.pt\/gse\/prevencao-de-incendios-a-eventos\/\" class=\"elementor-sub-item menu-link\">Preven\u00e7\u00e3o de Inc\u00eandios e Eventos<\/a><\/li>\n\t<li class=\"menu-item menu-item-type-post_type menu-item-object-page menu-item-982\"><a href=\"https:\/\/bvlagos.pt\/gse\/organizacao-e-avaliacao-de-simulacros\/\" class=\"elementor-sub-item menu-link\">Organiza\u00e7\u00e3o e Avalia\u00e7\u00e3o de Simulacros<\/a><\/li>\n\t<li class=\"menu-item menu-item-type-post_type menu-item-object-page menu-item-981\"><a href=\"https:\/\/bvlagos.pt\/gse\/transporte-de-agua\/\" class=\"elementor-sub-item menu-link\">Transporte de \u00c1gua<\/a><\/li>\n<\/ul>\n<\/li>\n<li class=\"menu-item menu-item-type-post_type menu-item-object-page menu-item-2677\"><a href=\"https:\/\/bvlagos.pt\/gse\/merchandising\/\" class=\"elementor-item menu-link\">MERCHANDISING<\/a><\/li>\n<li class=\"menu-item menu-item-type-post_type menu-item-object-page menu-item-923\"><a href=\"https:\/\/bvlagos.pt\/gse\/contatos\/\" class=\"elementor-item menu-link\">Contatos<\/a><\/li>\n<\/ul><\/nav>\n\t\t\t\t\t<div class=\"elementor-menu-toggle\" role=\"button\" tabindex=\"0\" aria-label=\"Menu Toggle\" aria-expanded=\"false\">\n\t\t\t<i class=\"eicon-menu-bar\" aria-hidden=\"true\"><\/i>\n\t\t\t<span class=\"elementor-screen-only\">Menu<\/span>\n\t\t<\/div>\n\t\t\t<nav class=\"elementor-nav-menu--dropdown elementor-nav-menu__container\" role=\"navigation\" aria-hidden=\"true\"><ul id=\"menu-2-7f593d0\" class=\"elementor-nav-menu\"><li class=\"menu-item menu-item-type-post_type menu-item-object-page menu-item-home menu-item-177\"><a href=\"https:\/\/bvlagos.pt\/gse\/\" class=\"elementor-item menu-link\">P\u00e1gina Inicial<\/a><\/li>\n<li class=\"menu-item menu-item-type-post_type menu-item-object-page menu-item-has-children menu-item-353\"><a href=\"https:\/\/bvlagos.pt\/gse\/associacao\/\" class=\"elementor-item menu-link\">Associa\u00e7\u00e3o<\/a>\n<ul class=\"sub-menu elementor-nav-menu--dropdown\">\n\t<li class=\"menu-item menu-item-type-post_type menu-item-object-page menu-item-1701\"><a href=\"https:\/\/bvlagos.pt\/gse\/assembleiageral\/\" class=\"elementor-sub-item menu-link\">Assembleia Geral<\/a><\/li>\n\t<li class=\"menu-item menu-item-type-post_type menu-item-object-page menu-item-935\"><a href=\"https:\/\/bvlagos.pt\/gse\/a-nossa-historia\/\" class=\"elementor-sub-item menu-link\">A Nossa Hist\u00f3ria<\/a><\/li>\n\t<li class=\"menu-item menu-item-type-post_type menu-item-object-page menu-item-936\"><a href=\"https:\/\/bvlagos.pt\/gse\/mensagem-do-presidente-da-ahbvl\/\" class=\"elementor-sub-item menu-link\">Mensagem do Presidente da AHBVL<\/a><\/li>\n\t<li class=\"menu-item menu-item-type-post_type menu-item-object-page menu-item-942\"><a href=\"https:\/\/bvlagos.pt\/gse\/orgaos-sociais\/\" class=\"elementor-sub-item menu-link\">Org\u00e3os Sociais<\/a><\/li>\n\t<li class=\"menu-item menu-item-type-post_type menu-item-object-page menu-item-937\"><a href=\"https:\/\/bvlagos.pt\/gse\/socios\/\" class=\"elementor-sub-item menu-link\">S\u00f3cios<\/a><\/li>\n\t<li class=\"menu-item menu-item-type-post_type menu-item-object-page menu-item-938\"><a href=\"https:\/\/bvlagos.pt\/gse\/protocolos\/\" class=\"elementor-sub-item menu-link\">Protocolos<\/a><\/li>\n\t<li class=\"menu-item menu-item-type-post_type menu-item-object-page menu-item-939\"><a href=\"https:\/\/bvlagos.pt\/gse\/estatutos\/\" class=\"elementor-sub-item menu-link\">Estatutos<\/a><\/li>\n<\/ul>\n<\/li>\n<li class=\"menu-item menu-item-type-post_type menu-item-object-page menu-item-437\"><a href=\"https:\/\/bvlagos.pt\/gse\/seccao-extintores\/\" class=\"elementor-item menu-link\">Departamento Extintores<\/a><\/li>\n<li class=\"menu-item menu-item-type-post_type menu-item-object-page menu-item-has-children menu-item-416\"><a href=\"https:\/\/bvlagos.pt\/gse\/corpo-bombeiros\/\" class=\"elementor-item menu-link\">Corpo Bombeiros<\/a>\n<ul class=\"sub-menu elementor-nav-menu--dropdown\">\n\t<li class=\"menu-item menu-item-type-post_type menu-item-object-page menu-item-417\"><a href=\"https:\/\/bvlagos.pt\/gse\/mensagem-do-comandante\/\" class=\"elementor-sub-item menu-link\">Mensagem do Comandante<\/a><\/li>\n\t<li class=\"menu-item menu-item-type-custom menu-item-object-custom menu-item-home menu-item-2775\"><a href=\"https:\/\/bvlagos.pt\/gse\/\" class=\"elementor-sub-item menu-link\">GSE Grupo Salvamentos Especiais<\/a><\/li>\n\t<li class=\"menu-item menu-item-type-post_type menu-item-object-page menu-item-1924\"><a href=\"https:\/\/bvlagos.pt\/gse\/cursoinicialbombeiro\/\" class=\"elementor-sub-item menu-link\">Curso Inicial Bombeiro<\/a><\/li>\n\t<li class=\"menu-item menu-item-type-post_type menu-item-object-page menu-item-1368\"><a href=\"https:\/\/bvlagos.pt\/gse\/area-privada\/\" class=\"elementor-sub-item menu-link\">Area Privada<\/a><\/li>\n\t<li class=\"menu-item menu-item-type-post_type menu-item-object-page menu-item-2045\"><a href=\"https:\/\/bvlagos.pt\/gse\/area-privada\/folhas-de-registo\/\" class=\"elementor-sub-item menu-link\">FOLHAS DE REGISTO<\/a><\/li>\n\t<li class=\"menu-item menu-item-type-post_type menu-item-object-page menu-item-969\"><a href=\"https:\/\/bvlagos.pt\/gse\/veiculos-operacionais\/\" class=\"elementor-sub-item menu-link\">Ve\u00edculos Operacionais<\/a><\/li>\n\t<li class=\"menu-item menu-item-type-post_type menu-item-object-page menu-item-971\"><a href=\"https:\/\/bvlagos.pt\/gse\/instalacoes\/\" class=\"elementor-sub-item menu-link\">Instala\u00e7\u00f5es<\/a><\/li>\n<\/ul>\n<\/li>\n<li class=\"menu-item menu-item-type-post_type menu-item-object-page menu-item-has-children menu-item-2563\"><a href=\"https:\/\/bvlagos.pt\/gse\/formacao-externa\/formacao\/\" class=\"elementor-item menu-link\">Forma\u00e7\u00e3o<\/a>\n<ul class=\"sub-menu elementor-nav-menu--dropdown\">\n\t<li class=\"menu-item menu-item-type-post_type menu-item-object-page menu-item-176\"><a href=\"https:\/\/bvlagos.pt\/gse\/formacao-externa\/\" class=\"elementor-sub-item menu-link\">Forma\u00e7\u00e3o Empresas<\/a><\/li>\n\t<li class=\"menu-item menu-item-type-custom menu-item-object-custom menu-item-2682\"><a href=\"https:\/\/bvlagos.pt\/eps\/lagos\/\" class=\"elementor-sub-item menu-link\">Forma\u00e7\u00e3o Escola Portuguesa Salvamento<\/a><\/li>\n<\/ul>\n<\/li>\n<li class=\"menu-item menu-item-type-post_type menu-item-object-page menu-item-has-children menu-item-922\"><a href=\"https:\/\/bvlagos.pt\/gse\/servicos-prestados-pelo-cb\/\" class=\"elementor-item menu-link\">Servi\u00e7os Prestados pelo CB<\/a>\n<ul class=\"sub-menu elementor-nav-menu--dropdown\">\n\t<li class=\"menu-item menu-item-type-post_type menu-item-object-page menu-item-984\"><a href=\"https:\/\/bvlagos.pt\/gse\/assistencia-medica-a-eventos\/\" class=\"elementor-sub-item menu-link\">Assist\u00eancia T\u00e9cnica a Eventos<\/a><\/li>\n\t<li class=\"menu-item menu-item-type-post_type menu-item-object-page menu-item-983\"><a href=\"https:\/\/bvlagos.pt\/gse\/prevencao-de-incendios-a-eventos\/\" class=\"elementor-sub-item menu-link\">Preven\u00e7\u00e3o de Inc\u00eandios e Eventos<\/a><\/li>\n\t<li class=\"menu-item menu-item-type-post_type menu-item-object-page menu-item-982\"><a href=\"https:\/\/bvlagos.pt\/gse\/organizacao-e-avaliacao-de-simulacros\/\" class=\"elementor-sub-item menu-link\">Organiza\u00e7\u00e3o e Avalia\u00e7\u00e3o de Simulacros<\/a><\/li>\n\t<li class=\"menu-item menu-item-type-post_type menu-item-object-page menu-item-981\"><a href=\"https:\/\/bvlagos.pt\/gse\/transporte-de-agua\/\" class=\"elementor-sub-item menu-link\">Transporte de \u00c1gua<\/a><\/li>\n<\/ul>\n<\/li>\n<li class=\"menu-item menu-item-type-post_type menu-item-object-page menu-item-2677\"><a href=\"https:\/\/bvlagos.pt\/gse\/merchandising\/\" class=\"elementor-item menu-link\">MERCHANDISING<\/a><\/li>\n<li class=\"menu-item menu-item-type-post_type menu-item-object-page menu-item-923\"><a href=\"https:\/\/bvlagos.pt\/gse\/contatos\/\" class=\"elementor-item menu-link\">Contatos<\/a><\/li>\n<\/ul><\/nav>\n\t\t\t\t<\/div>\n\t\t\t\t<\/div>\n\t\t\t\t\t<\/div>\n\t\t<\/div>\n\t\t\t\t\t\t\t<\/div>\n\t\t<\/section>\n\t\t\t\t<section class=\"elementor-section elementor-top-section elementor-element elementor-element-4d84f544 elementor-section-content-middle elementor-section-boxed elementor-section-height-default elementor-section-height-default tf-sticky-section tf-sticky-no\" data-id=\"4d84f544\" data-element_type=\"section\" data-settings=\"{&quot;background_background&quot;:&quot;classic&quot;,&quot;tf_sticky&quot;:&quot;no&quot;}\">\n\t\t\t\t\t\t<div class=\"elementor-container elementor-column-gap-default\">\n\t\t\t\t\t<div class=\"elementor-column elementor-col-100 elementor-top-column elementor-element elementor-element-7d350dcd\" data-id=\"7d350dcd\" data-element_type=\"column\">\n\t\t\t<div class=\"elementor-widget-wrap elementor-element-populated\">\n\t\t\t\t\t\t\t\t<div class=\"elementor-element elementor-element-74140f79 envato-kit-138-bracket elementor-widget elementor-widget-heading\" data-id=\"74140f79\" data-element_type=\"widget\" data-widget_type=\"heading.default\">\n\t\t\t\t<div class=\"elementor-widget-container\">\n\t\t\t<h3 class=\"elementor-heading-title elementor-size-default\">ASSOCIA\u00c7\u00c3O HUMANIT\u00c1RIA DOS BOMBEIROS VOLUNT\u00c1RIOS DE LAGOS<\/h3>\t\t<\/div>\n\t\t\t\t<\/div>\n\t\t\t\t<div class=\"elementor-element elementor-element-697486e2 elementor-widget elementor-widget-heading\" data-id=\"697486e2\" data-element_type=\"widget\" data-widget_type=\"heading.default\">\n\t\t\t\t<div class=\"elementor-widget-container\">\n\t\t\t<h2 class=\"elementor-heading-title elementor-size-default\">PROTOCOLOS<\/h2>\t\t<\/div>\n\t\t\t\t<\/div>\n\t\t\t\t<div class=\"elementor-element elementor-element-4811218c elementor-widget-divider--view-line elementor-widget elementor-widget-divider\" data-id=\"4811218c\" data-element_type=\"widget\" data-widget_type=\"divider.default\">\n\t\t\t\t<div class=\"elementor-widget-container\">\n\t\t\t\t\t<div class=\"elementor-divider\">\n\t\t\t<span class=\"elementor-divider-separator\">\n\t\t\t\t\t\t<\/span>\n\t\t<\/div>\n\t\t\t\t<\/div>\n\t\t\t\t<\/div>\n\t\t\t\t<div class=\"elementor-element elementor-element-420c3c37 elementor-widget elementor-widget-text-editor\" data-id=\"420c3c37\" data-element_type=\"widget\" data-widget_type=\"text-editor.default\">\n\t\t\t\t<div class=\"elementor-widget-container\">\n\t\t\t\t\t\t\t\t<p>A AHBVLAGOS TEM ACORDOS E PROTOCOLOS COM EMPRESAS E ENTIDADES<\/p><p>SENDO QUE PARA USUFRUIR DESTAS VANTAGENS APENAS TEM DE SER NOSSO ASSOCIADO E TER AS QUOTAS EM DIA<\/p>\t\t\t\t\t\t<\/div>\n\t\t\t\t<\/div>\n\t\t\t\t\t<\/div>\n\t\t<\/div>\n\t\t\t\t\t\t\t<\/div>\n\t\t<\/section>\n\t\t\t\t<section class=\"elementor-section elementor-top-section elementor-element elementor-element-021ac37 elementor-section-boxed elementor-section-height-default elementor-section-height-default tf-sticky-section tf-sticky-no\" data-id=\"021ac37\" data-element_type=\"section\" data-settings=\"{&quot;tf_sticky&quot;:&quot;no&quot;}\">\n\t\t\t\t\t\t<div class=\"elementor-container elementor-column-gap-default\">\n\t\t\t\t\t<div class=\"elementor-column elementor-col-20 elementor-top-column elementor-element elementor-element-758622c\" data-id=\"758622c\" data-element_type=\"column\">\n\t\t\t<div class=\"elementor-widget-wrap elementor-element-populated\">\n\t\t\t\t\t\t\t\t<div class=\"elementor-element elementor-element-7c59ce2 elementor-widget elementor-widget-heading\" data-id=\"7c59ce2\" data-element_type=\"widget\" data-widget_type=\"heading.default\">\n\t\t\t\t<div class=\"elementor-widget-container\">\n\t\t\t<h2 class=\"elementor-heading-title elementor-size-default\"><a href=\"https:\/\/bvlagos.pt\/gse\/wp-content\/uploads\/2024\/01\/Luiz-Oculista.pdf\">Luiz Oculista<\/a><\/h2>\t\t<\/div>\n\t\t\t\t<\/div>\n\t\t\t\t\t<\/div>\n\t\t<\/div>\n\t\t\t\t<div class=\"elementor-column elementor-col-20 elementor-top-column elementor-element elementor-element-7f9dda1\" data-id=\"7f9dda1\" data-element_type=\"column\">\n\t\t\t<div class=\"elementor-widget-wrap elementor-element-populated\">\n\t\t\t\t\t\t\t\t<div class=\"elementor-element elementor-element-21e8921 elementor-widget elementor-widget-heading\" data-id=\"21e8921\" data-element_type=\"widget\" data-widget_type=\"heading.default\">\n\t\t\t\t<div class=\"elementor-widget-container\">\n\t\t\t<h2 class=\"elementor-heading-title elementor-size-default\"><a href=\"https:\/\/bvlagos.pt\/gse\/wp-content\/uploads\/2024\/01\/Smile-Up.pdf\">Smile Up<\/a><\/h2>\t\t<\/div>\n\t\t\t\t<\/div>\n\t\t\t\t\t<\/div>\n\t\t<\/div>\n\t\t\t\t<div class=\"elementor-column elementor-col-20 elementor-top-column elementor-element elementor-element-a47ad15\" data-id=\"a47ad15\" data-element_type=\"column\">\n\t\t\t<div class=\"elementor-widget-wrap elementor-element-populated\">\n\t\t\t\t\t\t\t\t<div class=\"elementor-element elementor-element-bdb7063 elementor-widget elementor-widget-heading\" data-id=\"bdb7063\" data-element_type=\"widget\" data-widget_type=\"heading.default\">\n\t\t\t\t<div class=\"elementor-widget-container\">\n\t\t\t<h2 class=\"elementor-heading-title elementor-size-default\"><a href=\"https:\/\/bvlagos.pt\/gse\/wp-content\/uploads\/2024\/01\/Tranquilidade-Astride-Moreira-Ag-Seguros.pdf\">Tranquilidade - Astride Moreira AG Seguros<\/a><\/h2>\t\t<\/div>\n\t\t\t\t<\/div>\n\t\t\t\t\t<\/div>\n\t\t<\/div>\n\t\t\t\t<div class=\"elementor-column elementor-col-20 elementor-top-column elementor-element elementor-element-395275c\" data-id=\"395275c\" data-element_type=\"column\">\n\t\t\t<div class=\"elementor-widget-wrap\">\n\t\t\t\t\t\t\t\t\t<\/div>\n\t\t<\/div>\n\t\t\t\t<div class=\"elementor-column elementor-col-20 elementor-top-column elementor-element elementor-element-516f1b9\" data-id=\"516f1b9\" data-element_type=\"column\">\n\t\t\t<div class=\"elementor-widget-wrap\">\n\t\t\t\t\t\t\t\t\t<\/div>\n\t\t<\/div>\n\t\t\t\t\t\t\t<\/div>\n\t\t<\/section>\n\t\t\t\t\t\t<\/div>\n\t\t\t\t\t<\/div>\n\t\t","protected":false},"excerpt":{"rendered":"<p>ASSOCIA\u00c7\u00c3O HUMANIT\u00c1RIA DOS BOMBEIROS VOLUNT\u00c1RIOS DE LAGOS PROTOCOLOS A AHBVLAGOS TEM ACORDOS E PROTOCOLOS COM EMPRESAS E ENTIDADES SENDO QUE PARA USUFRUIR DESTAS VANTAGENS APENAS TEM DE SER NOSSO ASSOCIADO E TER AS QUOTAS EM DIA Luiz Oculista Smile Up Tranquilidade &#8211; Astride Moreira AG Seguros<\/p>\n","protected":false},"author":1,"featured_media":0,"parent":0,"menu_order":0,"comment_status":"closed","ping_status":"closed","template":"","meta":{"footnotes":""},"class_list":["post-931","page","type-page","status-publish","hentry"],"_links":{"self":[{"href":"https:\/\/bvlagos.pt\/gse\/wp-json\/wp\/v2\/pages\/931","targetHints":{"allow":["GET"]}}],"collection":[{"href":"https:\/\/bvlagos.pt\/gse\/wp-json\/wp\/v2\/pages"}],"about":[{"href":"https:\/\/bvlagos.pt\/gse\/wp-json\/wp\/v2\/types\/page"}],"author":[{"embeddable":true,"href":"https:\/\/bvlagos.pt\/gse\/wp-json\/wp\/v2\/users\/1"}],"replies":[{"embeddable":true,"href":"https:\/\/bvlagos.pt\/gse\/wp-json\/wp\/v2\/comments?post=931"}],"version-history":[{"count":26,"href":"https:\/\/bvlagos.pt\/gse\/wp-json\/wp\/v2\/pages\/931\/revisions"}],"predecessor-version":[{"id":2369,"href":"https:\/\/bvlagos.pt\/gse\/wp-json\/wp\/v2\/pages\/931\/revisions\/2369"}],"wp:attachment":[{"href":"https:\/\/bvlagos.pt\/gse\/wp-json\/wp\/v2\/media?parent=931"}],"curies":[{"name":"wp","href":"https:\/\/api.w.org\/{rel}","templated":true}]}}