{"id":979,"date":"2021-04-16T21:13:27","date_gmt":"2021-04-16T21:13:27","guid":{"rendered":"https:\/\/bvlagos.pt\/gse\/?page_id=979"},"modified":"2021-04-22T09:40:31","modified_gmt":"2021-04-22T09:40:31","slug":"transporte-de-agua","status":"publish","type":"page","link":"https:\/\/bvlagos.pt\/gse\/transporte-de-agua\/","title":{"rendered":"Transporte de \u00c1gua"},"content":{"rendered":"\t\t<div data-elementor-type=\"wp-page\" data-elementor-id=\"979\" class=\"elementor elementor-979\" data-elementor-settings=\"[]\">\n\t\t\t\t\t\t\t<div class=\"elementor-section-wrap\">\n\t\t\t\t\t\t\t<section class=\"elementor-section elementor-top-section elementor-element elementor-element-ba4ff82 elementor-section-boxed elementor-section-height-default elementor-section-height-default tf-sticky-section tf-sticky-no\" data-id=\"ba4ff82\" data-element_type=\"section\" data-settings=\"{&quot;background_background&quot;:&quot;classic&quot;,&quot;tf_sticky&quot;:&quot;no&quot;}\">\n\t\t\t\t\t\t<div class=\"elementor-container elementor-column-gap-default\">\n\t\t\t\t\t<div class=\"elementor-column elementor-col-100 elementor-top-column elementor-element elementor-element-167d89e\" data-id=\"167d89e\" data-element_type=\"column\">\n\t\t\t<div class=\"elementor-widget-wrap elementor-element-populated\">\n\t\t\t\t\t\t\t\t<div class=\"elementor-element elementor-element-56b6c1f elementor-nav-menu__align-center elementor-nav-menu--indicator-none elementor-nav-menu--dropdown-none elementor-widget elementor-widget-global elementor-global-863 elementor-widget-nav-menu\" data-id=\"56b6c1f\" data-element_type=\"widget\" data-settings=\"{&quot;layout&quot;:&quot;horizontal&quot;}\" data-widget_type=\"nav-menu.default\">\n\t\t\t\t<div class=\"elementor-widget-container\">\n\t\t\t\t\t\t<nav role=\"navigation\" class=\"elementor-nav-menu--main elementor-nav-menu__container elementor-nav-menu--layout-horizontal e--pointer-none\"><ul id=\"menu-1-56b6c1f\" class=\"elementor-nav-menu\"><li class=\"menu-item menu-item-type-post_type menu-item-object-page menu-item-home menu-item-177\"><a href=\"https:\/\/bvlagos.pt\/gse\/\" class=\"elementor-item menu-link\">P\u00e1gina Inicial<\/a><\/li>\n<li class=\"menu-item menu-item-type-post_type menu-item-object-page menu-item-has-children menu-item-353\"><a href=\"https:\/\/bvlagos.pt\/gse\/associacao\/\" class=\"elementor-item menu-link\">Associa\u00e7\u00e3o<\/a>\n<ul class=\"sub-menu elementor-nav-menu--dropdown\">\n\t<li class=\"menu-item menu-item-type-post_type menu-item-object-page menu-item-1701\"><a href=\"https:\/\/bvlagos.pt\/gse\/assembleiageral\/\" class=\"elementor-sub-item menu-link\">Assembleia Geral<\/a><\/li>\n\t<li class=\"menu-item menu-item-type-post_type menu-item-object-page menu-item-935\"><a href=\"https:\/\/bvlagos.pt\/gse\/a-nossa-historia\/\" class=\"elementor-sub-item menu-link\">A Nossa Hist\u00f3ria<\/a><\/li>\n\t<li class=\"menu-item menu-item-type-post_type menu-item-object-page menu-item-936\"><a href=\"https:\/\/bvlagos.pt\/gse\/mensagem-do-presidente-da-ahbvl\/\" class=\"elementor-sub-item menu-link\">Mensagem do Presidente da AHBVL<\/a><\/li>\n\t<li class=\"menu-item menu-item-type-post_type menu-item-object-page menu-item-942\"><a href=\"https:\/\/bvlagos.pt\/gse\/orgaos-sociais\/\" class=\"elementor-sub-item menu-link\">Org\u00e3os Sociais<\/a><\/li>\n\t<li class=\"menu-item menu-item-type-post_type menu-item-object-page menu-item-937\"><a href=\"https:\/\/bvlagos.pt\/gse\/socios\/\" class=\"elementor-sub-item menu-link\">S\u00f3cios<\/a><\/li>\n\t<li class=\"menu-item menu-item-type-post_type menu-item-object-page menu-item-938\"><a href=\"https:\/\/bvlagos.pt\/gse\/protocolos\/\" class=\"elementor-sub-item menu-link\">Protocolos<\/a><\/li>\n\t<li class=\"menu-item menu-item-type-post_type menu-item-object-page menu-item-939\"><a href=\"https:\/\/bvlagos.pt\/gse\/estatutos\/\" class=\"elementor-sub-item menu-link\">Estatutos<\/a><\/li>\n<\/ul>\n<\/li>\n<li class=\"menu-item menu-item-type-post_type menu-item-object-page menu-item-437\"><a href=\"https:\/\/bvlagos.pt\/gse\/seccao-extintores\/\" class=\"elementor-item menu-link\">Departamento Extintores<\/a><\/li>\n<li class=\"menu-item menu-item-type-post_type menu-item-object-page menu-item-has-children menu-item-416\"><a href=\"https:\/\/bvlagos.pt\/gse\/corpo-bombeiros\/\" class=\"elementor-item menu-link\">Corpo Bombeiros<\/a>\n<ul class=\"sub-menu elementor-nav-menu--dropdown\">\n\t<li class=\"menu-item menu-item-type-post_type menu-item-object-page menu-item-417\"><a href=\"https:\/\/bvlagos.pt\/gse\/mensagem-do-comandante\/\" class=\"elementor-sub-item menu-link\">Mensagem do Comandante<\/a><\/li>\n\t<li class=\"menu-item menu-item-type-custom menu-item-object-custom menu-item-home menu-item-2775\"><a href=\"https:\/\/bvlagos.pt\/gse\/\" class=\"elementor-sub-item menu-link\">GSE Grupo Salvamentos Especiais<\/a><\/li>\n\t<li class=\"menu-item menu-item-type-post_type menu-item-object-page menu-item-1924\"><a href=\"https:\/\/bvlagos.pt\/gse\/cursoinicialbombeiro\/\" class=\"elementor-sub-item menu-link\">Curso Inicial Bombeiro<\/a><\/li>\n\t<li class=\"menu-item menu-item-type-post_type menu-item-object-page menu-item-1368\"><a href=\"https:\/\/bvlagos.pt\/gse\/area-privada\/\" class=\"elementor-sub-item menu-link\">Area Privada<\/a><\/li>\n\t<li class=\"menu-item menu-item-type-post_type menu-item-object-page menu-item-2045\"><a href=\"https:\/\/bvlagos.pt\/gse\/area-privada\/folhas-de-registo\/\" class=\"elementor-sub-item menu-link\">FOLHAS DE REGISTO<\/a><\/li>\n\t<li class=\"menu-item menu-item-type-post_type menu-item-object-page menu-item-969\"><a href=\"https:\/\/bvlagos.pt\/gse\/veiculos-operacionais\/\" class=\"elementor-sub-item menu-link\">Ve\u00edculos Operacionais<\/a><\/li>\n\t<li class=\"menu-item menu-item-type-post_type menu-item-object-page menu-item-971\"><a href=\"https:\/\/bvlagos.pt\/gse\/instalacoes\/\" class=\"elementor-sub-item menu-link\">Instala\u00e7\u00f5es<\/a><\/li>\n<\/ul>\n<\/li>\n<li class=\"menu-item menu-item-type-post_type menu-item-object-page menu-item-has-children menu-item-2563\"><a href=\"https:\/\/bvlagos.pt\/gse\/formacao-externa\/formacao\/\" class=\"elementor-item menu-link\">Forma\u00e7\u00e3o<\/a>\n<ul class=\"sub-menu elementor-nav-menu--dropdown\">\n\t<li class=\"menu-item menu-item-type-post_type menu-item-object-page menu-item-176\"><a href=\"https:\/\/bvlagos.pt\/gse\/formacao-externa\/\" class=\"elementor-sub-item menu-link\">Forma\u00e7\u00e3o Empresas<\/a><\/li>\n\t<li class=\"menu-item menu-item-type-custom menu-item-object-custom menu-item-2682\"><a href=\"https:\/\/bvlagos.pt\/eps\/lagos\/\" class=\"elementor-sub-item menu-link\">Forma\u00e7\u00e3o Escola Portuguesa Salvamento<\/a><\/li>\n<\/ul>\n<\/li>\n<li class=\"menu-item menu-item-type-post_type menu-item-object-page menu-item-has-children menu-item-922\"><a href=\"https:\/\/bvlagos.pt\/gse\/servicos-prestados-pelo-cb\/\" class=\"elementor-item menu-link\">Servi\u00e7os Prestados pelo CB<\/a>\n<ul class=\"sub-menu elementor-nav-menu--dropdown\">\n\t<li class=\"menu-item menu-item-type-post_type menu-item-object-page menu-item-984\"><a href=\"https:\/\/bvlagos.pt\/gse\/assistencia-medica-a-eventos\/\" class=\"elementor-sub-item menu-link\">Assist\u00eancia T\u00e9cnica a Eventos<\/a><\/li>\n\t<li class=\"menu-item menu-item-type-post_type menu-item-object-page menu-item-983\"><a href=\"https:\/\/bvlagos.pt\/gse\/prevencao-de-incendios-a-eventos\/\" class=\"elementor-sub-item menu-link\">Preven\u00e7\u00e3o de Inc\u00eandios e Eventos<\/a><\/li>\n\t<li class=\"menu-item menu-item-type-post_type menu-item-object-page menu-item-982\"><a href=\"https:\/\/bvlagos.pt\/gse\/organizacao-e-avaliacao-de-simulacros\/\" class=\"elementor-sub-item menu-link\">Organiza\u00e7\u00e3o e Avalia\u00e7\u00e3o de Simulacros<\/a><\/li>\n\t<li class=\"menu-item menu-item-type-post_type menu-item-object-page menu-item-981\"><a href=\"https:\/\/bvlagos.pt\/gse\/transporte-de-agua\/\" class=\"elementor-sub-item menu-link\">Transporte de \u00c1gua<\/a><\/li>\n<\/ul>\n<\/li>\n<li class=\"menu-item menu-item-type-post_type menu-item-object-page menu-item-2677\"><a href=\"https:\/\/bvlagos.pt\/gse\/merchandising\/\" class=\"elementor-item menu-link\">MERCHANDISING<\/a><\/li>\n<li class=\"menu-item menu-item-type-post_type menu-item-object-page menu-item-923\"><a href=\"https:\/\/bvlagos.pt\/gse\/contatos\/\" class=\"elementor-item menu-link\">Contatos<\/a><\/li>\n<\/ul><\/nav>\n\t\t\t\t\t<div class=\"elementor-menu-toggle\" role=\"button\" tabindex=\"0\" aria-label=\"Menu Toggle\" aria-expanded=\"false\">\n\t\t\t<i class=\"eicon-menu-bar\" aria-hidden=\"true\"><\/i>\n\t\t\t<span class=\"elementor-screen-only\">Menu<\/span>\n\t\t<\/div>\n\t\t\t<nav class=\"elementor-nav-menu--dropdown elementor-nav-menu__container\" role=\"navigation\" aria-hidden=\"true\"><ul id=\"menu-2-56b6c1f\" class=\"elementor-nav-menu\"><li class=\"menu-item menu-item-type-post_type menu-item-object-page menu-item-home menu-item-177\"><a href=\"https:\/\/bvlagos.pt\/gse\/\" class=\"elementor-item menu-link\">P\u00e1gina Inicial<\/a><\/li>\n<li class=\"menu-item menu-item-type-post_type menu-item-object-page menu-item-has-children menu-item-353\"><a href=\"https:\/\/bvlagos.pt\/gse\/associacao\/\" class=\"elementor-item menu-link\">Associa\u00e7\u00e3o<\/a>\n<ul class=\"sub-menu elementor-nav-menu--dropdown\">\n\t<li class=\"menu-item menu-item-type-post_type menu-item-object-page menu-item-1701\"><a href=\"https:\/\/bvlagos.pt\/gse\/assembleiageral\/\" class=\"elementor-sub-item menu-link\">Assembleia Geral<\/a><\/li>\n\t<li class=\"menu-item menu-item-type-post_type menu-item-object-page menu-item-935\"><a href=\"https:\/\/bvlagos.pt\/gse\/a-nossa-historia\/\" class=\"elementor-sub-item menu-link\">A Nossa Hist\u00f3ria<\/a><\/li>\n\t<li class=\"menu-item menu-item-type-post_type menu-item-object-page menu-item-936\"><a href=\"https:\/\/bvlagos.pt\/gse\/mensagem-do-presidente-da-ahbvl\/\" class=\"elementor-sub-item menu-link\">Mensagem do Presidente da AHBVL<\/a><\/li>\n\t<li class=\"menu-item menu-item-type-post_type menu-item-object-page menu-item-942\"><a href=\"https:\/\/bvlagos.pt\/gse\/orgaos-sociais\/\" class=\"elementor-sub-item menu-link\">Org\u00e3os Sociais<\/a><\/li>\n\t<li class=\"menu-item menu-item-type-post_type menu-item-object-page menu-item-937\"><a href=\"https:\/\/bvlagos.pt\/gse\/socios\/\" class=\"elementor-sub-item menu-link\">S\u00f3cios<\/a><\/li>\n\t<li class=\"menu-item menu-item-type-post_type menu-item-object-page menu-item-938\"><a href=\"https:\/\/bvlagos.pt\/gse\/protocolos\/\" class=\"elementor-sub-item menu-link\">Protocolos<\/a><\/li>\n\t<li class=\"menu-item menu-item-type-post_type menu-item-object-page menu-item-939\"><a href=\"https:\/\/bvlagos.pt\/gse\/estatutos\/\" class=\"elementor-sub-item menu-link\">Estatutos<\/a><\/li>\n<\/ul>\n<\/li>\n<li class=\"menu-item menu-item-type-post_type menu-item-object-page menu-item-437\"><a href=\"https:\/\/bvlagos.pt\/gse\/seccao-extintores\/\" class=\"elementor-item menu-link\">Departamento Extintores<\/a><\/li>\n<li class=\"menu-item menu-item-type-post_type menu-item-object-page menu-item-has-children menu-item-416\"><a href=\"https:\/\/bvlagos.pt\/gse\/corpo-bombeiros\/\" class=\"elementor-item menu-link\">Corpo Bombeiros<\/a>\n<ul class=\"sub-menu elementor-nav-menu--dropdown\">\n\t<li class=\"menu-item menu-item-type-post_type menu-item-object-page menu-item-417\"><a href=\"https:\/\/bvlagos.pt\/gse\/mensagem-do-comandante\/\" class=\"elementor-sub-item menu-link\">Mensagem do Comandante<\/a><\/li>\n\t<li class=\"menu-item menu-item-type-custom menu-item-object-custom menu-item-home menu-item-2775\"><a href=\"https:\/\/bvlagos.pt\/gse\/\" class=\"elementor-sub-item menu-link\">GSE Grupo Salvamentos Especiais<\/a><\/li>\n\t<li class=\"menu-item menu-item-type-post_type menu-item-object-page menu-item-1924\"><a href=\"https:\/\/bvlagos.pt\/gse\/cursoinicialbombeiro\/\" class=\"elementor-sub-item menu-link\">Curso Inicial Bombeiro<\/a><\/li>\n\t<li class=\"menu-item menu-item-type-post_type menu-item-object-page menu-item-1368\"><a href=\"https:\/\/bvlagos.pt\/gse\/area-privada\/\" class=\"elementor-sub-item menu-link\">Area Privada<\/a><\/li>\n\t<li class=\"menu-item menu-item-type-post_type menu-item-object-page menu-item-2045\"><a href=\"https:\/\/bvlagos.pt\/gse\/area-privada\/folhas-de-registo\/\" class=\"elementor-sub-item menu-link\">FOLHAS DE REGISTO<\/a><\/li>\n\t<li class=\"menu-item menu-item-type-post_type menu-item-object-page menu-item-969\"><a href=\"https:\/\/bvlagos.pt\/gse\/veiculos-operacionais\/\" class=\"elementor-sub-item menu-link\">Ve\u00edculos Operacionais<\/a><\/li>\n\t<li class=\"menu-item menu-item-type-post_type menu-item-object-page menu-item-971\"><a href=\"https:\/\/bvlagos.pt\/gse\/instalacoes\/\" class=\"elementor-sub-item menu-link\">Instala\u00e7\u00f5es<\/a><\/li>\n<\/ul>\n<\/li>\n<li class=\"menu-item menu-item-type-post_type menu-item-object-page menu-item-has-children menu-item-2563\"><a href=\"https:\/\/bvlagos.pt\/gse\/formacao-externa\/formacao\/\" class=\"elementor-item menu-link\">Forma\u00e7\u00e3o<\/a>\n<ul class=\"sub-menu elementor-nav-menu--dropdown\">\n\t<li class=\"menu-item menu-item-type-post_type menu-item-object-page menu-item-176\"><a href=\"https:\/\/bvlagos.pt\/gse\/formacao-externa\/\" class=\"elementor-sub-item menu-link\">Forma\u00e7\u00e3o Empresas<\/a><\/li>\n\t<li class=\"menu-item menu-item-type-custom menu-item-object-custom menu-item-2682\"><a href=\"https:\/\/bvlagos.pt\/eps\/lagos\/\" class=\"elementor-sub-item menu-link\">Forma\u00e7\u00e3o Escola Portuguesa Salvamento<\/a><\/li>\n<\/ul>\n<\/li>\n<li class=\"menu-item menu-item-type-post_type menu-item-object-page menu-item-has-children menu-item-922\"><a href=\"https:\/\/bvlagos.pt\/gse\/servicos-prestados-pelo-cb\/\" class=\"elementor-item menu-link\">Servi\u00e7os Prestados pelo CB<\/a>\n<ul class=\"sub-menu elementor-nav-menu--dropdown\">\n\t<li class=\"menu-item menu-item-type-post_type menu-item-object-page menu-item-984\"><a href=\"https:\/\/bvlagos.pt\/gse\/assistencia-medica-a-eventos\/\" class=\"elementor-sub-item menu-link\">Assist\u00eancia T\u00e9cnica a Eventos<\/a><\/li>\n\t<li class=\"menu-item menu-item-type-post_type menu-item-object-page menu-item-983\"><a href=\"https:\/\/bvlagos.pt\/gse\/prevencao-de-incendios-a-eventos\/\" class=\"elementor-sub-item menu-link\">Preven\u00e7\u00e3o de Inc\u00eandios e Eventos<\/a><\/li>\n\t<li class=\"menu-item menu-item-type-post_type menu-item-object-page menu-item-982\"><a href=\"https:\/\/bvlagos.pt\/gse\/organizacao-e-avaliacao-de-simulacros\/\" class=\"elementor-sub-item menu-link\">Organiza\u00e7\u00e3o e Avalia\u00e7\u00e3o de Simulacros<\/a><\/li>\n\t<li class=\"menu-item menu-item-type-post_type menu-item-object-page menu-item-981\"><a href=\"https:\/\/bvlagos.pt\/gse\/transporte-de-agua\/\" class=\"elementor-sub-item menu-link\">Transporte de \u00c1gua<\/a><\/li>\n<\/ul>\n<\/li>\n<li class=\"menu-item menu-item-type-post_type menu-item-object-page menu-item-2677\"><a href=\"https:\/\/bvlagos.pt\/gse\/merchandising\/\" class=\"elementor-item menu-link\">MERCHANDISING<\/a><\/li>\n<li class=\"menu-item menu-item-type-post_type menu-item-object-page menu-item-923\"><a href=\"https:\/\/bvlagos.pt\/gse\/contatos\/\" class=\"elementor-item menu-link\">Contatos<\/a><\/li>\n<\/ul><\/nav>\n\t\t\t\t<\/div>\n\t\t\t\t<\/div>\n\t\t\t\t\t<\/div>\n\t\t<\/div>\n\t\t\t\t\t\t\t<\/div>\n\t\t<\/section>\n\t\t\t\t<section class=\"elementor-section elementor-top-section elementor-element elementor-element-b8bcc49 elementor-section-boxed elementor-section-height-default elementor-section-height-default tf-sticky-section tf-sticky-no\" data-id=\"b8bcc49\" data-element_type=\"section\" data-settings=\"{&quot;background_background&quot;:&quot;classic&quot;,&quot;tf_sticky&quot;:&quot;no&quot;}\">\n\t\t\t\t\t\t<div class=\"elementor-container elementor-column-gap-default\">\n\t\t\t\t\t<div class=\"elementor-column elementor-col-100 elementor-top-column elementor-element elementor-element-cbed413\" data-id=\"cbed413\" data-element_type=\"column\">\n\t\t\t<div class=\"elementor-widget-wrap elementor-element-populated\">\n\t\t\t\t\t\t\t\t<div class=\"elementor-element elementor-element-335ff78 elementor-widget elementor-widget-heading\" data-id=\"335ff78\" data-element_type=\"widget\" data-widget_type=\"heading.default\">\n\t\t\t\t<div class=\"elementor-widget-container\">\n\t\t\t<h2 class=\"elementor-heading-title elementor-size-default\">Transporte de \u00c1gua e Abastecimentos<\/h2>\t\t<\/div>\n\t\t\t\t<\/div>\n\t\t\t\t\t<\/div>\n\t\t<\/div>\n\t\t\t\t\t\t\t<\/div>\n\t\t<\/section>\n\t\t\t\t<section class=\"elementor-section elementor-top-section elementor-element elementor-element-68e83c94 elementor-section-height-min-height elementor-section-items-stretch elementor-section-content-bottom elementor-section-boxed elementor-section-height-default tf-sticky-section tf-sticky-no\" data-id=\"68e83c94\" data-element_type=\"section\" data-settings=\"{&quot;background_background&quot;:&quot;classic&quot;,&quot;tf_sticky&quot;:&quot;no&quot;}\">\n\t\t\t\t\t\t\t<div class=\"elementor-background-overlay\"><\/div>\n\t\t\t\t\t\t\t<div class=\"elementor-container elementor-column-gap-default\">\n\t\t\t\t\t<div class=\"elementor-column elementor-col-100 elementor-top-column elementor-element elementor-element-5f615fd5\" data-id=\"5f615fd5\" data-element_type=\"column\">\n\t\t\t<div class=\"elementor-widget-wrap elementor-element-populated\">\n\t\t\t\t\t\t\t\t<section class=\"elementor-section elementor-inner-section elementor-element elementor-element-176d5c4f elementor-section-boxed elementor-section-height-default elementor-section-height-default tf-sticky-section tf-sticky-no\" data-id=\"176d5c4f\" data-element_type=\"section\" data-settings=\"{&quot;tf_sticky&quot;:&quot;no&quot;}\">\n\t\t\t\t\t\t<div class=\"elementor-container elementor-column-gap-no\">\n\t\t\t\t\t<div class=\"elementor-column elementor-col-100 elementor-inner-column elementor-element elementor-element-24be468\" data-id=\"24be468\" data-element_type=\"column\">\n\t\t\t<div class=\"elementor-widget-wrap elementor-element-populated\">\n\t\t\t\t\t\t\t\t<div class=\"elementor-element elementor-element-4b6ac24a elementor-headline--style-rotate elementor-invisible elementor-widget elementor-widget-animated-headline\" data-id=\"4b6ac24a\" data-element_type=\"widget\" data-settings=\"{&quot;headline_style&quot;:&quot;rotate&quot;,&quot;animation_type&quot;:&quot;drop-in&quot;,&quot;rotating_text&quot;:&quot;Piscinas\\nDep\\u00f3sitos\\nEventos\\nAgricultura\\nPopula\\u00e7\\u00e3o\\n&quot;,&quot;_animation&quot;:&quot;fadeIn&quot;,&quot;_animation_delay&quot;:100}\" data-widget_type=\"animated-headline.default\">\n\t\t\t\t<div class=\"elementor-widget-container\">\n\t\t\t\t\t<h1 class=\"elementor-headline elementor-headline-animation-type-drop-in\">\n\t\t\t\t\t\t\t<span class=\"elementor-headline-plain-text elementor-headline-text-wrapper\">Servi\u00e7o de Transporte de \u00c1gua <\/span>\n\t\t\t\t\t\t<span class=\"elementor-headline-dynamic-wrapper elementor-headline-text-wrapper\"><\/span>\n\t\t\t\t\t<\/h1>\n\t\t\t\t<\/div>\n\t\t\t\t<\/div>\n\t\t\t\t<div class=\"elementor-element elementor-element-f6ba1c2 elementor-invisible elementor-widget elementor-widget-heading\" data-id=\"f6ba1c2\" data-element_type=\"widget\" data-settings=\"{&quot;_animation&quot;:&quot;fadeIn&quot;,&quot;_animation_delay&quot;:200}\" data-widget_type=\"heading.default\">\n\t\t\t\t<div class=\"elementor-widget-container\">\n\t\t\t<h2 class=\"elementor-heading-title elementor-size-default\">Os Bombeiros de Lagos disponibilizam um servi\u00e7o de transporte de \u00e1gua, com ve\u00edculos de pequena, m\u00e9dia e grande capacidade, que permite o enchimento de reservat\u00f3rios particulares e industriais, piscinas e outros.\nSe pretende saber mais contate-nos por email atrav\u00e9s de geral@bvlagos.pt\n<\/h2>\t\t<\/div>\n\t\t\t\t<\/div>\n\t\t\t\t<div class=\"elementor-element elementor-element-baf7a25 elementor-widget elementor-widget-button\" data-id=\"baf7a25\" data-element_type=\"widget\" data-widget_type=\"button.default\">\n\t\t\t\t<div class=\"elementor-widget-container\">\n\t\t\t\t\t<div class=\"elementor-button-wrapper\">\n\t\t\t<a href=\"https:\/\/bvlagos.pt\/gse\/contatos\/\" class=\"elementor-button-link elementor-button elementor-size-sm\" role=\"button\">\n\t\t\t\t\t\t<span class=\"elementor-button-content-wrapper\">\n\t\t\t\t\t\t<span class=\"elementor-button-text\">Contatos<\/span>\n\t\t<\/span>\n\t\t\t\t\t<\/a>\n\t\t<\/div>\n\t\t\t\t<\/div>\n\t\t\t\t<\/div>\n\t\t\t\t<div class=\"elementor-element elementor-element-6e86f851 elementor-widget-divider--view-line elementor-invisible elementor-widget elementor-widget-divider\" data-id=\"6e86f851\" data-element_type=\"widget\" data-settings=\"{&quot;_animation&quot;:&quot;fadeIn&quot;,&quot;_animation_delay&quot;:300}\" data-widget_type=\"divider.default\">\n\t\t\t\t<div class=\"elementor-widget-container\">\n\t\t\t\t\t<div class=\"elementor-divider\">\n\t\t\t<span class=\"elementor-divider-separator\">\n\t\t\t\t\t\t<\/span>\n\t\t<\/div>\n\t\t\t\t<\/div>\n\t\t\t\t<\/div>\n\t\t\t\t\t<\/div>\n\t\t<\/div>\n\t\t\t\t\t\t\t<\/div>\n\t\t<\/section>\n\t\t\t\t\t<\/div>\n\t\t<\/div>\n\t\t\t\t\t\t\t<\/div>\n\t\t<\/section>\n\t\t\t\t\t\t<\/div>\n\t\t\t\t\t<\/div>\n\t\t","protected":false},"excerpt":{"rendered":"<p>Transporte de \u00c1gua e Abastecimentos Servi\u00e7o de Transporte de \u00c1gua Os Bombeiros de Lagos disponibilizam um servi\u00e7o de transporte de \u00e1gua, com ve\u00edculos de pequena, m\u00e9dia e grande capacidade, que permite o enchimento de reservat\u00f3rios particulares e industriais, piscinas e outros. Se pretende saber mais contate-nos por email atrav\u00e9s de geral@bvlagos.pt Contatos<\/p>\n","protected":false},"author":1,"featured_media":0,"parent":0,"menu_order":0,"comment_status":"closed","ping_status":"closed","template":"","meta":{"footnotes":""},"class_list":["post-979","page","type-page","status-publish","hentry"],"_links":{"self":[{"href":"https:\/\/bvlagos.pt\/gse\/wp-json\/wp\/v2\/pages\/979","targetHints":{"allow":["GET"]}}],"collection":[{"href":"https:\/\/bvlagos.pt\/gse\/wp-json\/wp\/v2\/pages"}],"about":[{"href":"https:\/\/bvlagos.pt\/gse\/wp-json\/wp\/v2\/types\/page"}],"author":[{"embeddable":true,"href":"https:\/\/bvlagos.pt\/gse\/wp-json\/wp\/v2\/users\/1"}],"replies":[{"embeddable":true,"href":"https:\/\/bvlagos.pt\/gse\/wp-json\/wp\/v2\/comments?post=979"}],"version-history":[{"count":17,"href":"https:\/\/bvlagos.pt\/gse\/wp-json\/wp\/v2\/pages\/979\/revisions"}],"predecessor-version":[{"id":1208,"href":"https:\/\/bvlagos.pt\/gse\/wp-json\/wp\/v2\/pages\/979\/revisions\/1208"}],"wp:attachment":[{"href":"https:\/\/bvlagos.pt\/gse\/wp-json\/wp\/v2\/media?parent=979"}],"curies":[{"name":"wp","href":"https:\/\/api.w.org\/{rel}","templated":true}]}}